{"id":7116,"date":"2018-12-21T10:22:35","date_gmt":"2018-12-21T08:22:35","guid":{"rendered":"https:\/\/www.drys.ch\/?page_id=7116"},"modified":"2022-08-23T15:36:01","modified_gmt":"2022-08-23T13:36:01","slug":"publications","status":"publish","type":"page","link":"https:\/\/www.drys.ch\/en\/publications\/","title":{"rendered":"Publications"},"content":{"rendered":"\n<style type=\"text\/css\" data-created_by=\"avia_inline_auto\" id=\"style-css-av-lswqmh-8b36453df2588740a3ccefa6e77cf6af\">\n.avia-section.av-lswqmh-8b36453df2588740a3ccefa6e77cf6af{\nbackground-repeat:no-repeat;\nbackground-image:url(https:\/\/www.drys.ch\/wp\/wp-content\/uploads\/2018\/10\/publications-drys-fiduciaire.jpg);\nbackground-position:50% 0%;\nbackground-attachment:scroll;\n}\n<\/style>\n<div id='av_section_1'  class='avia-section av-lswqmh-8b36453df2588740a3ccefa6e77cf6af main_color avia-section-default avia-no-border-styling  avia-builder-el-0  el_before_av_section  avia-builder-el-first  avia-full-stretch avia-bg-style-scroll av-minimum-height av-minimum-height-custom av-height-custom  container_wrap fullsize'  data-section-bg-repeat='stretch' data-av_minimum_height_px='400'><div class='container av-section-cont-open' style='height:400px'><main  role=\"main\" itemprop=\"mainContentOfPage\"  class='template-page content  av-content-full alpha units'><div class='post-entry post-entry-type-page post-entry-7116'><div class='entry-content-wrapper clearfix'>\n<\/div><\/div><\/main><!-- close content main element --><\/div><\/div><div id='av_section_2'  class='avia-section av-lg1ryh-6efa317282bf1952b2d565d05a95b57c main_color avia-section-default avia-no-shadow  avia-builder-el-1  el_after_av_section  avia-builder-el-last  avia-bg-style-scroll container_wrap fullsize'  ><div class='container av-section-cont-open' ><div class='template-page content  av-content-full alpha units'><div class='post-entry post-entry-type-page post-entry-7116'><div class='entry-content-wrapper clearfix'>\n\n<style type=\"text\/css\" data-created_by=\"avia_inline_auto\" id=\"style-css-av-9627lj-f5c2264ee0fa50826e16dcc89ec843da\">\n.flex_column.av-9627lj-f5c2264ee0fa50826e16dcc89ec843da{\nborder-radius:0px 0px 0px 0px;\npadding:0px 0px 0px 0px;\n}\n<\/style>\n<div  class='flex_column av-9627lj-f5c2264ee0fa50826e16dcc89ec843da av_one_full  avia-builder-el-2  el_before_av_one_half  avia-builder-el-first  first flex_column_div av-zero-column-padding  '     ><style type=\"text\/css\" data-created_by=\"avia_inline_auto\" id=\"style-css-av-av_heading-b28a32edd3e616d703d3d5f290efa93a\">\n#top .av-special-heading.av-av_heading-b28a32edd3e616d703d3d5f290efa93a{\npadding-bottom:10px;\n}\nbody .av-special-heading.av-av_heading-b28a32edd3e616d703d3d5f290efa93a .av-special-heading-tag .heading-char{\nfont-size:25px;\n}\n.av-special-heading.av-av_heading-b28a32edd3e616d703d3d5f290efa93a .av-subheading{\nfont-size:15px;\n}\n<\/style>\n<div  class='av-special-heading av-av_heading-b28a32edd3e616d703d3d5f290efa93a av-special-heading-h3  avia-builder-el-3  avia-builder-el-no-sibling '><h3 class='av-special-heading-tag '  itemprop=\"headline\"  >Drys Fiduciaire\u2019s publications<\/h3><div class=\"special-heading-border\"><div class=\"special-heading-inner-border\"><\/div><\/div><\/div><\/div>\n<style type=\"text\/css\" data-created_by=\"avia_inline_auto\" id=\"style-css-av-jt4pxl-ca7db08f96843cc269ffe5753794e468\">\n.flex_column.av-jt4pxl-ca7db08f96843cc269ffe5753794e468{\nborder-radius:0px 0px 0px 0px;\npadding:0px 0px 0px 0px;\n}\n<\/style>\n<div  class='flex_column av-jt4pxl-ca7db08f96843cc269ffe5753794e468 av_one_half  avia-builder-el-4  el_after_av_one_full  el_before_av_one_half  first flex_column_div av-zero-column-padding  column-top-margin'     ><p>\n<style type=\"text\/css\" data-created_by=\"avia_inline_auto\" id=\"style-css-av-av_heading-9cea8d93658c1035afc48dd005efabcd\">\n#top .av-special-heading.av-av_heading-9cea8d93658c1035afc48dd005efabcd{\npadding-bottom:10px;\n}\nbody .av-special-heading.av-av_heading-9cea8d93658c1035afc48dd005efabcd .av-special-heading-tag .heading-char{\nfont-size:25px;\n}\n.av-special-heading.av-av_heading-9cea8d93658c1035afc48dd005efabcd .av-subheading{\nfont-size:15px;\n}\n<\/style>\n<div  class='av-special-heading av-av_heading-9cea8d93658c1035afc48dd005efabcd av-special-heading-h3  avia-builder-el-5  el_before_av_toggle_container  avia-builder-el-first '><h3 class='av-special-heading-tag '  itemprop=\"headline\"  >Articles<\/h3><div class=\"special-heading-border\"><div class=\"special-heading-inner-border\"><\/div><\/div><\/div><br \/>\n<div  class='togglecontainer av-jn49r9g2-b390f60673c71c9667aa7cb7b7c38afa  avia-builder-el-6  el_after_av_heading  avia-builder-el-last  toggle_close_all' >\n<section class='av_toggle_section av-41o2cs-d64e843e76485519d2ddf12205b84eb0'  itemscope=\"itemscope\" itemtype=\"https:\/\/schema.org\/CreativeWork\" ><div role=\"tablist\" class=\"single_toggle\" data-tags=\"{All} \"  ><p id='toggle-toggle-id-1' data-fake-id='#toggle-id-1' class='toggler  activeTitle av-title-above '  itemprop=\"headline\"  role='tab' tabindex='0' aria-controls='toggle-id-1' data-slide-speed=\"200\" data-title=\"2020\" data-title-open=\"\" data-aria_collapsed=\"Click to expand: 2020\" data-aria_expanded=\"Click to collapse: 2020\">2020<span class=\"toggle_icon\"><span class=\"vert_icon\"><\/span><span class=\"hor_icon\"><\/span><\/span><\/p><div id='toggle-id-1' aria-labelledby='toggle-toggle-id-1' role='region' class='toggle_wrap  active_tc av-title-above' style='display:block;' ><div class='toggle_content invers-color '  itemprop=\"text\" ><p><a href=\"https:\/\/www.drys.ch\/wp\/wp-content\/uploads\/2019\/12\/Acrticle-FAVORIT-2020-cr\u00e9aton-dune-soci\u00e9t\u00e9_FR-ANG.pdf\" target=\"_blank\" rel=\"noopener\">Creating a company in Switzerland<\/a>\u00a0&#8211;\u00a0published in Favorite Magazine 2020<\/p>\n<\/div><\/div><\/div><\/section>\n<section class='av_toggle_section av-3qwz64-b22c9b7639c2acf82d4e2fb9ff2c28a7'  itemscope=\"itemscope\" itemtype=\"https:\/\/schema.org\/CreativeWork\" ><div role=\"tablist\" class=\"single_toggle\" data-tags=\"{All} \"  ><p id='toggle-toggle-id-2' data-fake-id='#toggle-id-2' class='toggler  av-title-above '  itemprop=\"headline\"  role='tab' tabindex='0' aria-controls='toggle-id-2' data-slide-speed=\"200\" data-title=\"2019\" data-title-open=\"\" data-aria_collapsed=\"Click to expand: 2019\" data-aria_expanded=\"Click to collapse: 2019\">2019<span class=\"toggle_icon\"><span class=\"vert_icon\"><\/span><span class=\"hor_icon\"><\/span><\/span><\/p><div id='toggle-id-2' aria-labelledby='toggle-toggle-id-2' role='region' class='toggle_wrap  av-title-above'  ><div class='toggle_content invers-color '  itemprop=\"text\" ><p><a href=\"https:\/\/www.drys.ch\/wp\/wp-content\/uploads\/2019\/08\/Article-FAVORIT-manteau-dactions-2019-anglais.pdf\" target=\"_blank\" rel=\"noopener\">Should you start a new company or simply buy an existing one ?<\/a> &#8211; published in Favorite Magazine 2019<\/p>\n<\/div><\/div><\/div><\/section>\n<section class='av_toggle_section av-3q4gxo-f96c1f08046dad62daa252b9bbc05fd9'  itemscope=\"itemscope\" itemtype=\"https:\/\/schema.org\/CreativeWork\" ><div role=\"tablist\" class=\"single_toggle\" data-tags=\"{All} \"  ><p id='toggle-toggle-id-3' data-fake-id='#toggle-id-3' class='toggler  av-title-above '  itemprop=\"headline\"  role='tab' tabindex='0' aria-controls='toggle-id-3' data-slide-speed=\"200\" data-title=\"2018\" data-title-open=\"\" data-aria_collapsed=\"Click to expand: 2018\" data-aria_expanded=\"Click to collapse: 2018\">2018<span class=\"toggle_icon\"><span class=\"vert_icon\"><\/span><span class=\"hor_icon\"><\/span><\/span><\/p><div id='toggle-id-3' aria-labelledby='toggle-toggle-id-3' role='region' class='toggle_wrap  av-title-above'  ><div class='toggle_content invers-color '  itemprop=\"text\" ><\/div><\/div><\/div><\/section>\n<\/div><\/p><\/div>\n<style type=\"text\/css\" data-created_by=\"avia_inline_auto\" id=\"style-css-av-hmf7rd-35c1bb8458a651400ebde35dbf8b1746\">\n.flex_column.av-hmf7rd-35c1bb8458a651400ebde35dbf8b1746{\nborder-radius:0px 0px 0px 0px;\npadding:0px 0px 0px 0px;\n}\n<\/style>\n<div  class='flex_column av-hmf7rd-35c1bb8458a651400ebde35dbf8b1746 av_one_half  avia-builder-el-7  el_after_av_one_half  avia-builder-el-last  flex_column_div av-zero-column-padding  column-top-margin'     ><p>\n<style type=\"text\/css\" data-created_by=\"avia_inline_auto\" id=\"style-css-av-av_heading-4cfede9c4f4c803176d23b30f2c1d1f6\">\n#top .av-special-heading.av-av_heading-4cfede9c4f4c803176d23b30f2c1d1f6{\npadding-bottom:10px;\n}\nbody .av-special-heading.av-av_heading-4cfede9c4f4c803176d23b30f2c1d1f6 .av-special-heading-tag .heading-char{\nfont-size:25px;\n}\n.av-special-heading.av-av_heading-4cfede9c4f4c803176d23b30f2c1d1f6 .av-subheading{\nfont-size:15px;\n}\n<\/style>\n<div  class='av-special-heading av-av_heading-4cfede9c4f4c803176d23b30f2c1d1f6 av-special-heading-h3  avia-builder-el-8  el_before_av_toggle_container  avia-builder-el-first '><h3 class='av-special-heading-tag '  itemprop=\"headline\"  >Background articles<\/h3><div class=\"special-heading-border\"><div class=\"special-heading-inner-border\"><\/div><\/div><\/div><br \/>\n<div  class='togglecontainer av-jn49r9g2-b390f60673c71c9667aa7cb7b7c38afa  avia-builder-el-9  el_after_av_heading  avia-builder-el-last  toggle_close_all' >\n<section class='av_toggle_section av-av_toggle-bcd25837d58aa106c5d94acbae728616'  itemscope=\"itemscope\" itemtype=\"https:\/\/schema.org\/CreativeWork\" ><div role=\"tablist\" class=\"single_toggle\" data-tags=\"{All} \"  ><p id='toggle-toggle-id-4' data-fake-id='#toggle-id-4' class='toggler  activeTitle av-title-above '  itemprop=\"headline\"  role='tab' tabindex='0' aria-controls='toggle-id-4' data-slide-speed=\"200\" data-title=\"2021\" data-title-open=\"\" data-aria_collapsed=\"Click to expand: 2021\" data-aria_expanded=\"Click to collapse: 2021\">2021<span class=\"toggle_icon\"><span class=\"vert_icon\"><\/span><span class=\"hor_icon\"><\/span><\/span><\/p><div id='toggle-id-4' aria-labelledby='toggle-toggle-id-4' role='region' class='toggle_wrap  active_tc av-title-above' style='display:block;' ><div class='toggle_content invers-color '  itemprop=\"text\" ><p class=\"title style-scope ytd-video-primary-info-renderer\"><a href=\"https:\/\/www.youtube.com\/watch?v=xOFQIQexW9I\">VAUD+ We Grow Innovation<\/a><\/p>\n<\/div><\/div><\/div><\/section>\n<section class='av_toggle_section av-30erbg-e7ef1046d92627d7c79285c80c9f8320'  itemscope=\"itemscope\" itemtype=\"https:\/\/schema.org\/CreativeWork\" ><div role=\"tablist\" class=\"single_toggle\" data-tags=\"{All} \"  ><p id='toggle-toggle-id-5' data-fake-id='#toggle-id-5' class='toggler  av-title-above '  itemprop=\"headline\"  role='tab' tabindex='0' aria-controls='toggle-id-5' data-slide-speed=\"200\" data-title=\"2018\" data-title-open=\"\" data-aria_collapsed=\"Click to expand: 2018\" data-aria_expanded=\"Click to collapse: 2018\">2018<span class=\"toggle_icon\"><span class=\"vert_icon\"><\/span><span class=\"hor_icon\"><\/span><\/span><\/p><div id='toggle-id-5' aria-labelledby='toggle-toggle-id-5' role='region' class='toggle_wrap  av-title-above'  ><div class='toggle_content invers-color '  itemprop=\"text\" ><ol>\n<li><a href=\"https:\/\/www.youtube.com\/watch?v=wHwHsasV-VI\" target=\"_blank\" rel=\"noopener\">Blockchain in Western Switzerland<\/a><\/li>\n<li><a href=\"https:\/\/www.dukascopy.com\/plugins\/tvPlay\/?id=238296\" target=\"_blank\" rel=\"noopener\">Interview Vid\u00e9o \u2013 Opening a business in Switzerland<\/a><\/li>\n<\/ol>\n<\/div><\/div><\/div><\/section>\n<\/div><\/p><\/div>\n","protected":false},"excerpt":{"rendered":"","protected":false},"author":1,"featured_media":0,"parent":0,"menu_order":0,"comment_status":"closed","ping_status":"closed","template":"","meta":{"footnotes":""},"class_list":["post-7116","page","type-page","status-publish","hentry"],"_links":{"self":[{"href":"https:\/\/www.drys.ch\/en\/wp-json\/wp\/v2\/pages\/7116","targetHints":{"allow":["GET"]}}],"collection":[{"href":"https:\/\/www.drys.ch\/en\/wp-json\/wp\/v2\/pages"}],"about":[{"href":"https:\/\/www.drys.ch\/en\/wp-json\/wp\/v2\/types\/page"}],"author":[{"embeddable":true,"href":"https:\/\/www.drys.ch\/en\/wp-json\/wp\/v2\/users\/1"}],"replies":[{"embeddable":true,"href":"https:\/\/www.drys.ch\/en\/wp-json\/wp\/v2\/comments?post=7116"}],"version-history":[{"count":13,"href":"https:\/\/www.drys.ch\/en\/wp-json\/wp\/v2\/pages\/7116\/revisions"}],"predecessor-version":[{"id":7526,"href":"https:\/\/www.drys.ch\/en\/wp-json\/wp\/v2\/pages\/7116\/revisions\/7526"}],"wp:attachment":[{"href":"https:\/\/www.drys.ch\/en\/wp-json\/wp\/v2\/media?parent=7116"}],"curies":[{"name":"wp","href":"https:\/\/api.w.org\/{rel}","templated":true}]}}