{"id":7580,"date":"2018-10-11T07:10:36","date_gmt":"2018-10-11T06:10:36","guid":{"rendered":"https:\/\/www.drys.ch\/publications\/"},"modified":"2022-08-29T15:55:59","modified_gmt":"2022-08-29T13:55:59","slug":"%d5%b0%d6%80%d5%a1%d5%ba%d5%a1%d6%80%d5%a1%d5%af%d5%b8%d6%82%d5%b4%d5%b6%d5%a5%d6%80%d5%a8","status":"publish","type":"page","link":"https:\/\/www.drys.ch\/hy\/%d5%b0%d6%80%d5%a1%d5%ba%d5%a1%d6%80%d5%a1%d5%af%d5%b8%d6%82%d5%b4%d5%b6%d5%a5%d6%80%d5%a8\/","title":{"rendered":"\u0570\u0580\u0561\u057a\u0561\u0580\u0561\u056f\u0578\u0582\u0574\u0576\u0565\u0580\u0568"},"content":{"rendered":"\n<style type=\"text\/css\" data-created_by=\"avia_inline_auto\" id=\"style-css-av-lswqmh-8b36453df2588740a3ccefa6e77cf6af\">\n.avia-section.av-lswqmh-8b36453df2588740a3ccefa6e77cf6af{\nbackground-repeat:no-repeat;\nbackground-image:url(https:\/\/www.drys.ch\/wp\/wp-content\/uploads\/2018\/10\/publications-drys-fiduciaire.jpg);\nbackground-position:50% 0%;\nbackground-attachment:scroll;\n}\n<\/style>\n<div id='av_section_1'  class='avia-section av-lswqmh-8b36453df2588740a3ccefa6e77cf6af main_color avia-section-default avia-no-border-styling  avia-builder-el-0  el_before_av_section  avia-builder-el-first  avia-full-stretch avia-bg-style-scroll av-minimum-height av-minimum-height-custom av-height-custom  container_wrap fullsize'  data-section-bg-repeat='stretch' data-av_minimum_height_px='400'><div class='container av-section-cont-open' style='height:400px'><main  role=\"main\" itemprop=\"mainContentOfPage\"  class='template-page content  av-content-full alpha units'><div class='post-entry post-entry-type-page post-entry-7580'><div class='entry-content-wrapper clearfix'>\n<\/div><\/div><\/main><!-- close content main element --><\/div><\/div><div id='av_section_2'  class='avia-section av-lg1ryh-6efa317282bf1952b2d565d05a95b57c main_color avia-section-default avia-no-shadow  avia-builder-el-1  el_after_av_section  avia-builder-el-last  avia-bg-style-scroll container_wrap fullsize'  ><div class='container av-section-cont-open' ><div class='template-page content  av-content-full alpha units'><div class='post-entry post-entry-type-page post-entry-7580'><div class='entry-content-wrapper clearfix'>\n\n<style type=\"text\/css\" data-created_by=\"avia_inline_auto\" id=\"style-css-av-9627lj-f5c2264ee0fa50826e16dcc89ec843da\">\n.flex_column.av-9627lj-f5c2264ee0fa50826e16dcc89ec843da{\nborder-radius:0px 0px 0px 0px;\npadding:0px 0px 0px 0px;\n}\n<\/style>\n<div  class='flex_column av-9627lj-f5c2264ee0fa50826e16dcc89ec843da av_one_full  avia-builder-el-2  el_before_av_one_half  avia-builder-el-first  first flex_column_div av-zero-column-padding  '     ><style type=\"text\/css\" data-created_by=\"avia_inline_auto\" id=\"style-css-av-l7etephu-17793cb51c87eaaa934685eb02037fd0\">\n#top .av-special-heading.av-l7etephu-17793cb51c87eaaa934685eb02037fd0{\npadding-bottom:10px;\n}\nbody .av-special-heading.av-l7etephu-17793cb51c87eaaa934685eb02037fd0 .av-special-heading-tag .heading-char{\nfont-size:25px;\n}\n.av-special-heading.av-l7etephu-17793cb51c87eaaa934685eb02037fd0 .av-subheading{\nfont-size:15px;\n}\n<\/style>\n<div  class='av-special-heading av-l7etephu-17793cb51c87eaaa934685eb02037fd0 av-special-heading-h3  avia-builder-el-3  avia-builder-el-no-sibling '><h3 class='av-special-heading-tag '  itemprop=\"headline\"  >Drys Fiduciaire-\u056b \u0570\u0580\u0561\u057a\u0561\u0580\u0561\u056f\u0578\u0582\u0574\u0576\u0565\u0580\u0568 <\/h3><div class=\"special-heading-border\"><div class=\"special-heading-inner-border\"><\/div><\/div><\/div><\/div>\n<style type=\"text\/css\" data-created_by=\"avia_inline_auto\" id=\"style-css-av-jt4pxl-ca7db08f96843cc269ffe5753794e468\">\n.flex_column.av-jt4pxl-ca7db08f96843cc269ffe5753794e468{\nborder-radius:0px 0px 0px 0px;\npadding:0px 0px 0px 0px;\n}\n<\/style>\n<div  class='flex_column av-jt4pxl-ca7db08f96843cc269ffe5753794e468 av_one_half  avia-builder-el-4  el_after_av_one_full  el_before_av_one_half  first flex_column_div av-zero-column-padding  column-top-margin'     ><p>\n<style type=\"text\/css\" data-created_by=\"avia_inline_auto\" id=\"style-css-av-l7etf5qw-87b37736411136aef066ebff327093c8\">\n#top .av-special-heading.av-l7etf5qw-87b37736411136aef066ebff327093c8{\npadding-bottom:10px;\n}\nbody .av-special-heading.av-l7etf5qw-87b37736411136aef066ebff327093c8 .av-special-heading-tag .heading-char{\nfont-size:25px;\n}\n.av-special-heading.av-l7etf5qw-87b37736411136aef066ebff327093c8 .av-subheading{\nfont-size:15px;\n}\n<\/style>\n<div  class='av-special-heading av-l7etf5qw-87b37736411136aef066ebff327093c8 av-special-heading-h3  avia-builder-el-5  el_before_av_toggle_container  avia-builder-el-first '><h3 class='av-special-heading-tag '  itemprop=\"headline\"  >\u0540\u0578\u0564\u057e\u0561\u056e\u0576\u0565\u0580<\/h3><div class=\"special-heading-border\"><div class=\"special-heading-inner-border\"><\/div><\/div><\/div><br \/>\n<div  class='togglecontainer av-jn49r9g2-b390f60673c71c9667aa7cb7b7c38afa  avia-builder-el-6  el_after_av_heading  avia-builder-el-last  toggle_close_all' >\n<section class='av_toggle_section av-av_toggle-68bc45a270bbe459ff46928e534a3f85'  itemscope=\"itemscope\" itemtype=\"https:\/\/schema.org\/CreativeWork\" ><div role=\"tablist\" class=\"single_toggle\" data-tags=\"{All} \"  ><p id='toggle-toggle-id-1' data-fake-id='#toggle-id-1' class='toggler  activeTitle av-title-above '  itemprop=\"headline\"  role='tab' tabindex='0' aria-controls='toggle-id-1' data-slide-speed=\"200\" data-title=\"2022\" data-title-open=\"\" data-aria_collapsed=\"Click to expand: 2022\" data-aria_expanded=\"Click to collapse: 2022\">2022<span class=\"toggle_icon\"><span class=\"vert_icon\"><\/span><span class=\"hor_icon\"><\/span><\/span><\/p><div id='toggle-id-1' aria-labelledby='toggle-toggle-id-1' role='region' class='toggle_wrap  active_tc av-title-above' style='display:block;' ><div class='toggle_content invers-color '  itemprop=\"text\" ><p><a href=\"https:\/\/www.drys.ch\/wp\/wp-content\/uploads\/2021\/11\/Article-FAVORIT-Soci\u00e9t\u00e9s-offshore-2022-V2.pdf\">\u0540\u0561\u0575\u057f\u0561\u0580\u0561\u0580\u057e\u0565\u0581 \u0585\u0586\u0577\u0578\u0580\u0561\u0575\u056b\u0576 \u0568\u0576\u056f\u0565\u0580\u0578\u0582\u0569\u0575\u0578\u0582\u0576\u0576\u0565\u0580\u056b \u0561\u057e\u0561\u0580\u057f\u0568<\/a> &#8212; <span class=\"VIiyi\" lang=\"hy\"><span class=\"JLqJ4b ChMk0b\" data-language-for-alternatives=\"hy\" data-language-to-translate-into=\"fr\" data-phrase-index=\"0\" data-number-of-phrases=\"1\"><span class=\"Q4iAWc\">\u0570\u0578\u0564\u057e\u0561\u056e\u0568 \u0570\u0580\u0561\u057a\u0561\u0580\u0561\u056f\u057e\u0565\u056c \u0567 Favorit Magazine 2022-\u0578\u0582\u0574<\/span><\/span><\/span><\/p>\n<\/div><\/div><\/div><\/section>\n<section class='av_toggle_section av-av_toggle-bcd25837d58aa106c5d94acbae728616'  itemscope=\"itemscope\" itemtype=\"https:\/\/schema.org\/CreativeWork\" ><div role=\"tablist\" class=\"single_toggle\" data-tags=\"{All} \"  ><p id='toggle-toggle-id-2' data-fake-id='#toggle-id-2' class='toggler  av-title-above '  itemprop=\"headline\"  role='tab' tabindex='0' aria-controls='toggle-id-2' data-slide-speed=\"200\" data-title=\"2021\" data-title-open=\"\" data-aria_collapsed=\"Click to expand: 2021\" data-aria_expanded=\"Click to collapse: 2021\">2021<span class=\"toggle_icon\"><span class=\"vert_icon\"><\/span><span class=\"hor_icon\"><\/span><\/span><\/p><div id='toggle-id-2' aria-labelledby='toggle-toggle-id-2' role='region' class='toggle_wrap  av-title-above'  ><div class='toggle_content invers-color '  itemprop=\"text\" ><p><a href=\"https:\/\/www.drys.ch\/wp\/wp-content\/uploads\/2021\/02\/Article-FAVORIT-choix-implantation-2021_FR.pdf\">\u054f\u0565\u0572\u056b \u0568\u0576\u057f\u0580\u0578\u0582\u0569\u0575\u0578\u0582\u0576 \u0547\u057e\u0565\u0575\u0581\u0561\u0580\u056b\u0561\u0575\u0578\u0582\u0574\u00a0<\/a>&#8212; <span class=\"VIiyi\" lang=\"hy\"><span class=\"JLqJ4b ChMk0b\" data-language-for-alternatives=\"hy\" data-language-to-translate-into=\"fr\" data-phrase-index=\"0\" data-number-of-phrases=\"1\"><span class=\"Q4iAWc\">\u0570\u0578\u0564\u057e\u0561\u056e\u0568 \u0570\u0580\u0561\u057a\u0561\u0580\u0561\u056f\u057e\u0565\u056c \u0567 Favorit Magazine-\u0578\u0582\u0574 2021 \u0569<\/span><\/span><\/span><\/p>\n<\/div><\/div><\/div><\/section>\n<section class='av_toggle_section av-av_toggle-56f3c8ab56c642bfabf43836e3689659'  itemscope=\"itemscope\" itemtype=\"https:\/\/schema.org\/CreativeWork\" ><div role=\"tablist\" class=\"single_toggle\" data-tags=\"{All} \"  ><p id='toggle-toggle-id-3' data-fake-id='#toggle-id-3' class='toggler  av-title-above '  itemprop=\"headline\"  role='tab' tabindex='0' aria-controls='toggle-id-3' data-slide-speed=\"200\" data-title=\"2020\" data-title-open=\"\" data-aria_collapsed=\"Click to expand: 2020\" data-aria_expanded=\"Click to collapse: 2020\">2020<span class=\"toggle_icon\"><span class=\"vert_icon\"><\/span><span class=\"hor_icon\"><\/span><\/span><\/p><div id='toggle-id-3' aria-labelledby='toggle-toggle-id-3' role='region' class='toggle_wrap  av-title-above'  ><div class='toggle_content invers-color '  itemprop=\"text\" ><p><a href=\"https:\/\/www.drys.ch\/wp\/wp-content\/uploads\/2019\/12\/Acrticle-FAVORIT-2020-cr\u00e9aton-dune-soci\u00e9t\u00e9_FR-ANG.pdf\" target=\"_blank\" rel=\"noopener\">\u0538\u0576\u056f\u0565\u0580\u0578\u0582\u0569\u0575\u0561\u0576 \u0570\u056b\u0574\u0576\u0561\u0564\u0580\u0578\u0582\u0574 \u0547\u057e\u0565\u0575\u0581\u0561\u0580\u056b\u0561\u0575\u0578\u0582\u0574<\/a> &#8212; <span class=\"VIiyi\" lang=\"hy\"><span class=\"JLqJ4b ChMk0b\" data-language-for-alternatives=\"hy\" data-language-to-translate-into=\"fr\" data-phrase-index=\"0\" data-number-of-phrases=\"1\"><span class=\"Q4iAWc\">\u0570\u0578\u0564\u057e\u0561\u056e\u0568 \u0570\u0580\u0561\u057a\u0561\u0580\u0561\u056f\u057e\u0565\u056c \u0567 Favorit Magazine 2020-\u0578\u0582\u0574<\/span><\/span><\/span><\/p>\n<\/div><\/div><\/div><\/section>\n<section class='av_toggle_section av-av_toggle-af115b51f7ee8118959b1ce9de5c3808'  itemscope=\"itemscope\" itemtype=\"https:\/\/schema.org\/CreativeWork\" ><div role=\"tablist\" class=\"single_toggle\" data-tags=\"{All} \"  ><p id='toggle-toggle-id-4' data-fake-id='#toggle-id-4' class='toggler  av-title-above '  itemprop=\"headline\"  role='tab' tabindex='0' aria-controls='toggle-id-4' data-slide-speed=\"200\" data-title=\"2019\" data-title-open=\"\" data-aria_collapsed=\"Click to expand: 2019\" data-aria_expanded=\"Click to collapse: 2019\">2019<span class=\"toggle_icon\"><span class=\"vert_icon\"><\/span><span class=\"hor_icon\"><\/span><\/span><\/p><div id='toggle-id-4' aria-labelledby='toggle-toggle-id-4' role='region' class='toggle_wrap  av-title-above'  ><div class='toggle_content invers-color '  itemprop=\"text\" ><p><a href=\"https:\/\/www.drys.ch\/wp\/wp-content\/uploads\/2019\/08\/Article-FAVORIT-manteau-dactions.pdf\" target=\"_blank\" rel=\"noopener\">\u0531\u0580\u0564\u0565\u0576 \u0563\u0578\u0575\u0578\u0582\u0569\u0575\u0578\u0582\u0576 \u0578\u0582\u0576\u0565\u0581\u0578\u0572 \u0568\u0576\u056f\u0565\u0580\u0578\u0582\u0569\u0575\u0561\u0576 \u0563\u0576\u0578\u0582\u0574\u0568` \u057d\u057f\u0565\u0572\u056e\u0565\u056c\u0578\u0582 \u0583\u0578\u056d\u0561\u0580\u0565\u0576, \u0570\u0561\u0574\u0561\u0564\u0561\u0580\u0561\u055e\u0576:<\/a> &#8212; <span class=\"VIiyi\" lang=\"hy\"><span class=\"JLqJ4b ChMk0b\" data-language-for-alternatives=\"hy\" data-language-to-translate-into=\"fr\" data-phrase-index=\"0\" data-number-of-phrases=\"1\"><span class=\"Q4iAWc\">\u0570\u0580\u0561\u057a\u0561\u0580\u0561\u056f\u057e\u0561\u056e Favorit Magazine-\u0578\u0582\u0574 2019 \u0569<\/span><\/span><\/span><\/p>\n<\/div><\/div><\/div><\/section>\n<section class='av_toggle_section av-av_toggle-ddb71123d2f644c492bffbdd1192d95e'  itemscope=\"itemscope\" itemtype=\"https:\/\/schema.org\/CreativeWork\" ><div role=\"tablist\" class=\"single_toggle\" data-tags=\"{All} \"  ><p id='toggle-toggle-id-5' data-fake-id='#toggle-id-5' class='toggler  av-title-above '  itemprop=\"headline\"  role='tab' tabindex='0' aria-controls='toggle-id-5' data-slide-speed=\"200\" data-title=\"2018\" data-title-open=\"\" data-aria_collapsed=\"Click to expand: 2018\" data-aria_expanded=\"Click to collapse: 2018\">2018<span class=\"toggle_icon\"><span class=\"vert_icon\"><\/span><span class=\"hor_icon\"><\/span><\/span><\/p><div id='toggle-id-5' aria-labelledby='toggle-toggle-id-5' role='region' class='toggle_wrap  av-title-above'  ><div class='toggle_content invers-color '  itemprop=\"text\" ><p><a href=\"https:\/\/www.drys.ch\/wp\/wp-content\/uploads\/2019\/08\/Article-FAVORIT-immobilier-Vaud.pdf\" target=\"_blank\" rel=\"noopener\">\u0555\u057f\u0561\u0580\u0565\u0580\u056f\u0580\u0561\u0581\u056b\u0576\u0565\u0580\u056b\u0576 \u057a\u0561\u057f\u056f\u0561\u0576\u0578\u0572 \u0561\u0576\u0577\u0561\u0580\u056a \u0563\u0578\u0582\u0575\u0584\u056b \u057e\u0561\u0578\u0582\u0564\u0561\u0575\u056b\u0576 \u0570\u0561\u0580\u056f\u0578\u0582\u0574<\/a> &#8212; <span class=\"VIiyi\" lang=\"hy\"><span class=\"JLqJ4b ChMk0b\" data-language-for-alternatives=\"hy\" data-language-to-translate-into=\"fr\" data-phrase-index=\"0\" data-number-of-phrases=\"1\"><span class=\"Q4iAWc\">\u0570\u0580\u0561\u057a\u0561\u0580\u0561\u056f\u057e\u0561\u056e Favorit Magazine-\u0578\u0582\u0574 2018 \u0569<\/span><\/span><\/span><\/p>\n<\/div><\/div><\/div><\/section>\n<section class='av_toggle_section av-av_toggle-7e50625718149e3754b8d1f5dc11c4d0'  itemscope=\"itemscope\" itemtype=\"https:\/\/schema.org\/CreativeWork\" ><div role=\"tablist\" class=\"single_toggle\" data-tags=\"{All} \"  ><p id='toggle-toggle-id-6' data-fake-id='#toggle-id-6' class='toggler  av-title-above '  itemprop=\"headline\"  role='tab' tabindex='0' aria-controls='toggle-id-6' data-slide-speed=\"200\" data-title=\"2017\" data-title-open=\"\" data-aria_collapsed=\"Click to expand: 2017\" data-aria_expanded=\"Click to collapse: 2017\">2017<span class=\"toggle_icon\"><span class=\"vert_icon\"><\/span><span class=\"hor_icon\"><\/span><\/span><\/p><div id='toggle-id-6' aria-labelledby='toggle-toggle-id-6' role='region' class='toggle_wrap  av-title-above'  ><div class='toggle_content invers-color '  itemprop=\"text\" ><p><a href=\"https:\/\/www.drys.ch\/wp\/wp-content\/uploads\/2019\/08\/Article-FAVORIT-2017-fiscalit\u00e9-en-Suisse_FR.pdf\" target=\"_blank\" rel=\"noopener\">\u0547\u057e\u0565\u0575\u0581\u0561\u0580\u056b\u0561\u0575\u0578\u0582\u0574 \u0570\u0561\u0580\u056f\u0578\u0582\u0574\u0568<\/a> &#8212; \u0570\u0580\u0561\u057a\u0561\u0580\u0561\u056f\u057e\u0561\u056e Favorit \u0561\u0574\u057d\u0561\u0563\u0580\u0578\u0582\u0574 2017 \u0569<\/p>\n<\/div><\/div><\/div><\/section>\n<\/div><\/p><\/div>\n<style type=\"text\/css\" data-created_by=\"avia_inline_auto\" id=\"style-css-av-hmf7rd-35c1bb8458a651400ebde35dbf8b1746\">\n.flex_column.av-hmf7rd-35c1bb8458a651400ebde35dbf8b1746{\nborder-radius:0px 0px 0px 0px;\npadding:0px 0px 0px 0px;\n}\n<\/style>\n<div  class='flex_column av-hmf7rd-35c1bb8458a651400ebde35dbf8b1746 av_one_half  avia-builder-el-7  el_after_av_one_half  avia-builder-el-last  flex_column_div av-zero-column-padding  column-top-margin'     ><p>\n<style type=\"text\/css\" data-created_by=\"avia_inline_auto\" id=\"style-css-av-l7etfexc-b428c03868b6d45bde2f0a4f977e3d07\">\n#top .av-special-heading.av-l7etfexc-b428c03868b6d45bde2f0a4f977e3d07{\npadding-bottom:10px;\n}\nbody .av-special-heading.av-l7etfexc-b428c03868b6d45bde2f0a4f977e3d07 .av-special-heading-tag .heading-char{\nfont-size:25px;\n}\n.av-special-heading.av-l7etfexc-b428c03868b6d45bde2f0a4f977e3d07 .av-subheading{\nfont-size:15px;\n}\n<\/style>\n<div  class='av-special-heading av-l7etfexc-b428c03868b6d45bde2f0a4f977e3d07 av-special-heading-h3  avia-builder-el-8  el_before_av_toggle_container  avia-builder-el-first '><h3 class='av-special-heading-tag '  itemprop=\"headline\"  >\u053f\u0578\u0576\u057f\u0565\u0584\u057d\u057f\u0561\u0575\u056b\u0576 \u0570\u0578\u0564\u057e\u0561\u056e\u0576\u0565\u0580<\/h3><div class=\"special-heading-border\"><div class=\"special-heading-inner-border\"><\/div><\/div><\/div><br \/>\n<div  class='togglecontainer av-jn49r9g2-b390f60673c71c9667aa7cb7b7c38afa  avia-builder-el-9  el_after_av_heading  avia-builder-el-last  toggle_close_all' >\n<section class='av_toggle_section av-av_toggle-68bc45a270bbe459ff46928e534a3f85'  itemscope=\"itemscope\" itemtype=\"https:\/\/schema.org\/CreativeWork\" ><div role=\"tablist\" class=\"single_toggle\" data-tags=\"{All} \"  ><p id='toggle-toggle-id-7' data-fake-id='#toggle-id-7' class='toggler  activeTitle av-title-above '  itemprop=\"headline\"  role='tab' tabindex='0' aria-controls='toggle-id-7' data-slide-speed=\"200\" data-title=\"2022\" data-title-open=\"\" data-aria_collapsed=\"Click to expand: 2022\" data-aria_expanded=\"Click to collapse: 2022\">2022<span class=\"toggle_icon\"><span class=\"vert_icon\"><\/span><span class=\"hor_icon\"><\/span><\/span><\/p><div id='toggle-id-7' aria-labelledby='toggle-toggle-id-7' role='region' class='toggle_wrap  active_tc av-title-above' style='display:block;' ><div class='toggle_content invers-color '  itemprop=\"text\" ><\/div><\/div><\/div><\/section>\n<section class='av_toggle_section av-av_toggle-bcd25837d58aa106c5d94acbae728616'  itemscope=\"itemscope\" itemtype=\"https:\/\/schema.org\/CreativeWork\" ><div role=\"tablist\" class=\"single_toggle\" data-tags=\"{All} \"  ><p id='toggle-toggle-id-8' data-fake-id='#toggle-id-8' class='toggler  av-title-above '  itemprop=\"headline\"  role='tab' tabindex='0' aria-controls='toggle-id-8' data-slide-speed=\"200\" data-title=\"2021\" data-title-open=\"\" data-aria_collapsed=\"Click to expand: 2021\" data-aria_expanded=\"Click to collapse: 2021\">2021<span class=\"toggle_icon\"><span class=\"vert_icon\"><\/span><span class=\"hor_icon\"><\/span><\/span><\/p><div id='toggle-id-8' aria-labelledby='toggle-toggle-id-8' role='region' class='toggle_wrap  av-title-above'  ><div class='toggle_content invers-color '  itemprop=\"text\" ><\/div><\/div><\/div><\/section>\n<section class='av_toggle_section av-av_toggle-ddb71123d2f644c492bffbdd1192d95e'  itemscope=\"itemscope\" itemtype=\"https:\/\/schema.org\/CreativeWork\" ><div role=\"tablist\" class=\"single_toggle\" data-tags=\"{All} \"  ><p id='toggle-toggle-id-9' data-fake-id='#toggle-id-9' class='toggler  av-title-above '  itemprop=\"headline\"  role='tab' tabindex='0' aria-controls='toggle-id-9' data-slide-speed=\"200\" data-title=\"2018\" data-title-open=\"\" data-aria_collapsed=\"Click to expand: 2018\" data-aria_expanded=\"Click to collapse: 2018\">2018<span class=\"toggle_icon\"><span class=\"vert_icon\"><\/span><span class=\"hor_icon\"><\/span><\/span><\/p><div id='toggle-id-9' aria-labelledby='toggle-toggle-id-9' role='region' class='toggle_wrap  av-title-above'  ><div class='toggle_content invers-color '  itemprop=\"text\" ><p>19. <a href=\"https:\/\/www.youtube.com\/watch?v=KUzSq-XW0e8\" target=\"_blank\" rel=\"noopener\">\u0532\u056c\u0578\u056f\u0579\u0565\u0575\u0576 \u0531\u0580\u0587\u0574\u057f\u0575\u0561\u0576 \u0547\u057e\u0565\u0575\u0581\u0561\u0580\u056b\u0561\u0575\u0578\u0582\u0574<\/a><\/p>\n<\/div><\/div><\/div><\/section>\n<\/div><\/p><\/div>\n","protected":false},"excerpt":{"rendered":"","protected":false},"author":1,"featured_media":0,"parent":0,"menu_order":0,"comment_status":"closed","ping_status":"closed","template":"","meta":{"footnotes":""},"class_list":["post-7580","page","type-page","status-publish","hentry"],"_links":{"self":[{"href":"https:\/\/www.drys.ch\/hy\/wp-json\/wp\/v2\/pages\/7580","targetHints":{"allow":["GET"]}}],"collection":[{"href":"https:\/\/www.drys.ch\/hy\/wp-json\/wp\/v2\/pages"}],"about":[{"href":"https:\/\/www.drys.ch\/hy\/wp-json\/wp\/v2\/types\/page"}],"author":[{"embeddable":true,"href":"https:\/\/www.drys.ch\/hy\/wp-json\/wp\/v2\/users\/1"}],"replies":[{"embeddable":true,"href":"https:\/\/www.drys.ch\/hy\/wp-json\/wp\/v2\/comments?post=7580"}],"version-history":[{"count":2,"href":"https:\/\/www.drys.ch\/hy\/wp-json\/wp\/v2\/pages\/7580\/revisions"}],"predecessor-version":[{"id":7622,"href":"https:\/\/www.drys.ch\/hy\/wp-json\/wp\/v2\/pages\/7580\/revisions\/7622"}],"wp:attachment":[{"href":"https:\/\/www.drys.ch\/hy\/wp-json\/wp\/v2\/media?parent=7580"}],"curies":[{"name":"wp","href":"https:\/\/api.w.org\/{rel}","templated":true}]}}