{"id":7109,"date":"2018-10-11T07:10:36","date_gmt":"2018-10-11T06:10:36","guid":{"rendered":"https:\/\/www.drys.ch\/publications\/"},"modified":"2022-08-23T15:30:53","modified_gmt":"2022-08-23T13:30:53","slug":"%d1%81%d1%82%d0%b0%d1%82%d1%8c%d0%b8","status":"publish","type":"page","link":"https:\/\/www.drys.ch\/ru\/%d1%81%d1%82%d0%b0%d1%82%d1%8c%d0%b8\/","title":{"rendered":"\u0421\u0442\u0430\u0442\u044c\u0438"},"content":{"rendered":"\n<style type=\"text\/css\" data-created_by=\"avia_inline_auto\" id=\"style-css-av-lswqmh-8b36453df2588740a3ccefa6e77cf6af\">\n.avia-section.av-lswqmh-8b36453df2588740a3ccefa6e77cf6af{\nbackground-repeat:no-repeat;\nbackground-image:url(https:\/\/www.drys.ch\/wp\/wp-content\/uploads\/2018\/10\/publications-drys-fiduciaire.jpg);\nbackground-position:50% 0%;\nbackground-attachment:scroll;\n}\n<\/style>\n<div id='av_section_1'  class='avia-section av-lswqmh-8b36453df2588740a3ccefa6e77cf6af main_color avia-section-default avia-no-border-styling  avia-builder-el-0  el_before_av_section  avia-builder-el-first  avia-full-stretch avia-bg-style-scroll av-minimum-height av-minimum-height-custom av-height-custom  container_wrap fullsize'  data-section-bg-repeat='stretch' data-av_minimum_height_px='400'><div class='container av-section-cont-open' style='height:400px'><main  role=\"main\" itemprop=\"mainContentOfPage\"  class='template-page content  av-content-full alpha units'><div class='post-entry post-entry-type-page post-entry-7109'><div class='entry-content-wrapper clearfix'>\n<\/div><\/div><\/main><!-- close content main element --><\/div><\/div><div id='av_section_2'  class='avia-section av-lg1ryh-6efa317282bf1952b2d565d05a95b57c main_color avia-section-default avia-no-shadow  avia-builder-el-1  el_after_av_section  avia-builder-el-last  avia-bg-style-scroll container_wrap fullsize'  ><div class='container av-section-cont-open' ><div class='template-page content  av-content-full alpha units'><div class='post-entry post-entry-type-page post-entry-7109'><div class='entry-content-wrapper clearfix'>\n\n<style type=\"text\/css\" data-created_by=\"avia_inline_auto\" id=\"style-css-av-9627lj-f5c2264ee0fa50826e16dcc89ec843da\">\n.flex_column.av-9627lj-f5c2264ee0fa50826e16dcc89ec843da{\nborder-radius:0px 0px 0px 0px;\npadding:0px 0px 0px 0px;\n}\n<\/style>\n<div  class='flex_column av-9627lj-f5c2264ee0fa50826e16dcc89ec843da av_one_full  avia-builder-el-2  el_before_av_one_half  avia-builder-el-first  first flex_column_div av-zero-column-padding  '     ><style type=\"text\/css\" data-created_by=\"avia_inline_auto\" id=\"style-css-av-av_heading-def5b93cc0bce8d82b6947d42e54bc91\">\n#top .av-special-heading.av-av_heading-def5b93cc0bce8d82b6947d42e54bc91{\npadding-bottom:10px;\n}\nbody .av-special-heading.av-av_heading-def5b93cc0bce8d82b6947d42e54bc91 .av-special-heading-tag .heading-char{\nfont-size:25px;\n}\n.av-special-heading.av-av_heading-def5b93cc0bce8d82b6947d42e54bc91 .av-subheading{\nfont-size:15px;\n}\n<\/style>\n<div  class='av-special-heading av-av_heading-def5b93cc0bce8d82b6947d42e54bc91 av-special-heading-h3  avia-builder-el-3  avia-builder-el-no-sibling '><h3 class='av-special-heading-tag '  itemprop=\"headline\"  >Drys Fiduciaire \u041f\u0443\u0431\u043b\u0438\u043a\u0430\u0446\u0438\u0438<\/h3><div class=\"special-heading-border\"><div class=\"special-heading-inner-border\"><\/div><\/div><\/div><\/div>\n<style type=\"text\/css\" data-created_by=\"avia_inline_auto\" id=\"style-css-av-jt4pxl-ca7db08f96843cc269ffe5753794e468\">\n.flex_column.av-jt4pxl-ca7db08f96843cc269ffe5753794e468{\nborder-radius:0px 0px 0px 0px;\npadding:0px 0px 0px 0px;\n}\n<\/style>\n<div  class='flex_column av-jt4pxl-ca7db08f96843cc269ffe5753794e468 av_one_half  avia-builder-el-4  el_after_av_one_full  el_before_av_one_half  first flex_column_div av-zero-column-padding  column-top-margin'     ><p>\n<style type=\"text\/css\" data-created_by=\"avia_inline_auto\" id=\"style-css-av-av_heading-a696986c0acfd9b994695b06f665e596\">\n#top .av-special-heading.av-av_heading-a696986c0acfd9b994695b06f665e596{\npadding-bottom:10px;\n}\nbody .av-special-heading.av-av_heading-a696986c0acfd9b994695b06f665e596 .av-special-heading-tag .heading-char{\nfont-size:25px;\n}\n.av-special-heading.av-av_heading-a696986c0acfd9b994695b06f665e596 .av-subheading{\nfont-size:15px;\n}\n<\/style>\n<div  class='av-special-heading av-av_heading-a696986c0acfd9b994695b06f665e596 av-special-heading-h3  avia-builder-el-5  el_before_av_toggle_container  avia-builder-el-first '><h3 class='av-special-heading-tag '  itemprop=\"headline\"  >\u0421\u0442\u0430\u0442\u044c\u0438<\/h3><div class=\"special-heading-border\"><div class=\"special-heading-inner-border\"><\/div><\/div><\/div><br \/>\n<div  class='togglecontainer av-jn49r9g2-b390f60673c71c9667aa7cb7b7c38afa  avia-builder-el-6  el_after_av_heading  avia-builder-el-last  toggle_close_all' >\n<section class='av_toggle_section av-6co3sl-6274628f686013e45536d393e86b6997'  itemscope=\"itemscope\" itemtype=\"https:\/\/schema.org\/CreativeWork\" ><div role=\"tablist\" class=\"single_toggle\" data-tags=\"{\u0412\u0441\u0435} \"  ><p id='toggle-toggle-id-1' data-fake-id='#toggle-id-1' class='toggler  activeTitle av-title-above '  itemprop=\"headline\"  role='tab' tabindex='0' aria-controls='toggle-id-1' data-slide-speed=\"200\" data-title=\"2022\" data-title-open=\"\" data-aria_collapsed=\"Click to expand: 2022\" data-aria_expanded=\"Click to collapse: 2022\">2022<span class=\"toggle_icon\"><span class=\"vert_icon\"><\/span><span class=\"hor_icon\"><\/span><\/span><\/p><div id='toggle-id-1' aria-labelledby='toggle-toggle-id-1' role='region' class='toggle_wrap  active_tc av-title-above' style='display:block;' ><div class='toggle_content invers-color '  itemprop=\"text\" ><p><a href=\"https:\/\/www.drys.ch\/wp\/wp-content\/uploads\/2021\/11\/Article-FAVORIT-Soci\u00e9t\u00e9s-offshore-2022-V2_RU.pdf\" target=\"\" rel=\"noopener\">\u043a\u043e\u043d\u0435\u0446 \u043e\u0444\u0448\u043e\u0440\u043d\u044b\u0445 \u043a\u043e\u043c\u043f\u0430\u043d\u0438\u0439<\/a>\u00a0&#8212; \u043e\u043f\u0443\u0431\u043b\u0438\u043a\u043e\u0432\u0430\u043d\u043d\u043e \u0432 \u0436\u0443\u0440\u043d\u0430\u043b\u0435 \u0424\u0430\u0432\u043e\u0440\u0438\u0442 2022i<\/p>\n<\/div><\/div><\/div><\/section>\n<section class='av_toggle_section av-3uiv39-b60cc74b2956d30e3b1dd03718c811bf'  itemscope=\"itemscope\" itemtype=\"https:\/\/schema.org\/CreativeWork\" ><div role=\"tablist\" class=\"single_toggle\" data-tags=\"{\u0412\u0441\u0435} \"  ><p id='toggle-toggle-id-2' data-fake-id='#toggle-id-2' class='toggler  av-title-above '  itemprop=\"headline\"  role='tab' tabindex='0' aria-controls='toggle-id-2' data-slide-speed=\"200\" data-title=\"2021\" data-title-open=\"\" data-aria_collapsed=\"Click to expand: 2021\" data-aria_expanded=\"Click to collapse: 2021\">2021<span class=\"toggle_icon\"><span class=\"vert_icon\"><\/span><span class=\"hor_icon\"><\/span><\/span><\/p><div id='toggle-id-2' aria-labelledby='toggle-toggle-id-2' role='region' class='toggle_wrap  av-title-above'  ><div class='toggle_content invers-color '  itemprop=\"text\" ><p><a href=\"https:\/\/www.drys.ch\/wp\/wp-content\/uploads\/2021\/02\/Article-FAVORIT-choix-implantation-2021_RU.pdf\" target=\"\" rel=\"noopener\">\u0412\u044b\u0431\u043e\u0440 \u043c\u0435\u0441\u0442\u0430 \u0432 \u0428\u0432\u0435\u0439\u0446\u0430\u0440\u0438\u0438<\/a>\u00a0&#8212; \u043e\u043f\u0443\u0431\u043b\u0438\u043a\u043e\u0432\u0430\u043d\u043d\u043e \u0432 \u0436\u0443\u0440\u043d\u0430\u043b\u0435 \u0424\u0430\u0432\u043e\u0440\u0438\u0442 2021<\/p>\n<\/div><\/div><\/div><\/section>\n<section class='av_toggle_section av-47veh1-c111afe153b3f8ca9f0f92b95920c88e'  itemscope=\"itemscope\" itemtype=\"https:\/\/schema.org\/CreativeWork\" ><div role=\"tablist\" class=\"single_toggle\" data-tags=\"{\u0412\u0441\u0435} \"  ><p id='toggle-toggle-id-3' data-fake-id='#toggle-id-3' class='toggler  av-title-above '  itemprop=\"headline\"  role='tab' tabindex='0' aria-controls='toggle-id-3' data-slide-speed=\"200\" data-title=\"2020\" data-title-open=\"\" data-aria_collapsed=\"Click to expand: 2020\" data-aria_expanded=\"Click to collapse: 2020\">2020<span class=\"toggle_icon\"><span class=\"vert_icon\"><\/span><span class=\"hor_icon\"><\/span><\/span><\/p><div id='toggle-id-3' aria-labelledby='toggle-toggle-id-3' role='region' class='toggle_wrap  av-title-above'  ><div class='toggle_content invers-color '  itemprop=\"text\" ><p><a href=\"https:\/\/www.drys.ch\/wp\/wp-content\/uploads\/2019\/12\/Acrticle-FAVORIT-2020-cr\u00e9aton-dune-soci\u00e9t\u00e9_RUS-1.pdf\" target=\"_blank\" rel=\"noopener\">\u041d\u0430\u0447\u0430\u0442\u044c \u043f\u0440\u0435\u0434\u043f\u0440\u0438\u043d\u0438\u043c\u0430\u0442\u0435\u043b\u044c\u0442\u0435\u043b\u044c\u0441\u043a\u0443\u044e \u0434\u0435\u044f\u0442\u0435\u043b\u044c\u043d\u043e\u0441\u0442\u044c \u0432 \u043a\u0430\u043d\u0442\u043e\u043d\u0435 \u0412\u043e<\/a>\u00a0&#8212;\u00a0\u043e\u043f\u0443\u0431\u043b\u0438\u043a\u043e\u0432\u0430\u043d\u043d\u043e \u0432 \u0436\u0443\u0440\u043d\u0430\u043b\u0435 \u0424\u0430\u0432\u043e\u0440\u0438\u0442 2020<\/p>\n<\/div><\/div><\/div><\/section>\n<section class='av_toggle_section av-er9ut-98914fbb4370bd707751c6bc61770938'  itemscope=\"itemscope\" itemtype=\"https:\/\/schema.org\/CreativeWork\" ><div role=\"tablist\" class=\"single_toggle\" data-tags=\"{\u0412\u0441\u0435} \"  ><p id='toggle-toggle-id-4' data-fake-id='#toggle-id-4' class='toggler  av-title-above '  itemprop=\"headline\"  role='tab' tabindex='0' aria-controls='toggle-id-4' data-slide-speed=\"200\" data-title=\"2019\" data-title-open=\"\" data-aria_collapsed=\"Click to expand: 2019\" data-aria_expanded=\"Click to collapse: 2019\">2019<span class=\"toggle_icon\"><span class=\"vert_icon\"><\/span><span class=\"hor_icon\"><\/span><\/span><\/p><div id='toggle-id-4' aria-labelledby='toggle-toggle-id-4' role='region' class='toggle_wrap  av-title-above'  ><div class='toggle_content invers-color '  itemprop=\"text\" ><p>04.\u00a0<a href=\"https:\/\/www.drys.ch\/wp\/wp-content\/uploads\/2019\/01\/Favorit_2019_Drys_print.pdf\" target=\"_blank\" rel=\"noopener\">\u041f\u0420\u0418\u041e\u0411\u0420\u0415\u0422\u0415\u041d\u0418\u0415 \u0413\u041e\u0422\u041e\u0412\u041e\u0419 \u041a\u041e\u041c\u041f\u0410\u041d\u0418\u0418 \u0412\u041c\u0415\u0421\u0422\u041e \u0421\u041e\u0417\u0414\u0410\u041d\u0418\u042f \u041d\u041e\u0412\u041e\u0419: \u0412\u042b\u0413\u041e\u0414\u041d\u041e\u0415 \u0420\u0415\u0428\u0415\u041d\u0418\u0415?<\/a>\u00a0\u043e\u043f\u0443\u0431\u043b\u0438\u043a\u043e\u0432\u0430\u043d\u043d\u043e \u0432 \u0436\u0443\u0440\u043d\u0430\u043b\u0435 \u0424\u0430\u0432\u043e\u0440\u0438\u0442 2019<\/p>\n<p>05.\u00a0<a href=\"https:\/\/www.drys.ch\/wp\/wp-content\/uploads\/2019\/10\/Article-BSL-2019-B.-Jahrmann_FR_RU.pdf\" target=\"_blank\" rel=\"noopener\">\u0421\u041e\u0417\u0414\u0410\u041d\u0418\u0415 \u041a\u041e\u041c\u041f\u0410\u041d\u0418\u0418 \u0412 \u0428\u0412\u0415\u0419\u0426\u0410\u0420\u0418\u0418<\/a><\/p>\n<\/div><\/div><\/div><\/section>\n<section class='av_toggle_section av-56ejk5-e14b4931dc69deb4d4471a026fcb7e5b'  itemscope=\"itemscope\" itemtype=\"https:\/\/schema.org\/CreativeWork\" ><div role=\"tablist\" class=\"single_toggle\" data-tags=\"{\u0412\u0441\u0435} \"  ><p id='toggle-toggle-id-5' data-fake-id='#toggle-id-5' class='toggler  av-title-above '  itemprop=\"headline\"  role='tab' tabindex='0' aria-controls='toggle-id-5' data-slide-speed=\"200\" data-title=\"2018\" data-title-open=\"\" data-aria_collapsed=\"Click to expand: 2018\" data-aria_expanded=\"Click to collapse: 2018\">2018<span class=\"toggle_icon\"><span class=\"vert_icon\"><\/span><span class=\"hor_icon\"><\/span><\/span><\/p><div id='toggle-id-5' aria-labelledby='toggle-toggle-id-5' role='region' class='toggle_wrap  av-title-above'  ><div class='toggle_content invers-color '  itemprop=\"text\" ><p>02. <a href=\"https:\/\/www.drys.ch\/wp\/wp-content\/uploads\/Favorit_2018_DRYS_version_print.pdf\" target=\"_blank\" rel=\"noopener\">\u041e\u0421\u041e\u0411\u0415\u041d\u041d\u041e\u0421\u0422\u0418 \u041d\u0410\u041b\u041e\u0413\u041e\u041e\u0411\u041b\u041e\u0416\u0415\u041d\u0418\u042f \u041d\u0415\u0414\u0412\u0418\u0416\u0418\u041c\u041e\u0421\u0422\u0418, \u041f\u0420\u0418\u041d\u0410\u0414\u041b\u0415\u0416\u0410\u0429\u0415\u0419 \u0418\u041d\u041e\u0421\u0422\u0420\u0410\u041d\u0426\u0410\u041c \u0412 \u041a\u0410\u041d\u0422\u041e\u041d\u0415 \u0412\u041e<\/a>\u00a0\u043e\u043f\u0443\u0431\u043b\u0438\u043a\u043e\u0432\u0430\u043d\u043d\u043e \u0432 \u0436\u0443\u0440\u043d\u0430\u043b\u0435 \u0424\u0430\u0432\u043e\u0440\u0438\u0442 2018<\/p>\n<p>03. <a href=\"https:\/\/www.dukascopy.com\/tv\/ru\/235088\" target=\"_blank\" rel=\"noopener\">DUCASCOPY : \u041a\u0410\u041a \u041e\u0422\u041a\u0420\u042b\u0422\u042c \u0421\u0412\u041e\u042e \u041a\u041e\u041c\u041f\u0410\u041d\u0418\u042e \u0412 \u0428\u0412\u0415\u0419\u0426\u0410\u0420\u0418\u0418<\/a><\/p>\n<\/div><\/div><\/div><\/section>\n<section class='av_toggle_section av-4a9zr9-3ec06f8ef598b0f1918dd7aef533cb4b'  itemscope=\"itemscope\" itemtype=\"https:\/\/schema.org\/CreativeWork\" ><div role=\"tablist\" class=\"single_toggle\" data-tags=\"{\u0412\u0441\u0435} \"  ><p id='toggle-toggle-id-6' data-fake-id='#toggle-id-6' class='toggler  av-title-above '  itemprop=\"headline\"  role='tab' tabindex='0' aria-controls='toggle-id-6' data-slide-speed=\"200\" data-title=\"2017\" data-title-open=\"\" data-aria_collapsed=\"Click to expand: 2017\" data-aria_expanded=\"Click to collapse: 2017\">2017<span class=\"toggle_icon\"><span class=\"vert_icon\"><\/span><span class=\"hor_icon\"><\/span><\/span><\/p><div id='toggle-id-6' aria-labelledby='toggle-toggle-id-6' role='region' class='toggle_wrap  av-title-above'  ><div class='toggle_content invers-color '  itemprop=\"text\" ><p>01. <a href=\"https:\/\/www.drys.ch\/wp\/wp-content\/uploads\/Favorit_2017_DRYS_BAT_1.pdf\" target=\"_blank\" rel=\"noopener\">\u041d\u0410\u041b\u041e\u0413\u041e\u041e\u0411\u041b\u041e\u0416\u0415\u041d\u0418\u0415 \u0412 \u0428\u0412\u0415\u0419\u0426\u0410\u0420\u0418\u0418<\/a>\u00a0\u043e\u043f\u0443\u0431\u043b\u0438\u043a\u043e\u0432\u0430\u043d\u043d\u043e \u0432 \u0436\u0443\u0440\u043d\u0430\u043b\u0435 \u0424\u0430\u0432\u043e\u0440\u0438\u0442 2017<\/p>\n<\/div><\/div><\/div><\/section>\n<\/div><\/p><\/div>\n<style type=\"text\/css\" data-created_by=\"avia_inline_auto\" id=\"style-css-av-hmf7rd-35c1bb8458a651400ebde35dbf8b1746\">\n.flex_column.av-hmf7rd-35c1bb8458a651400ebde35dbf8b1746{\nborder-radius:0px 0px 0px 0px;\npadding:0px 0px 0px 0px;\n}\n<\/style>\n<div  class='flex_column av-hmf7rd-35c1bb8458a651400ebde35dbf8b1746 av_one_half  avia-builder-el-7  el_after_av_one_half  avia-builder-el-last  flex_column_div av-zero-column-padding  column-top-margin'     ><p>\n<style type=\"text\/css\" data-created_by=\"avia_inline_auto\" id=\"style-css-av-av_heading-c0e7e6d0d8aa8a61a4caf8917e4b01a8\">\n#top .av-special-heading.av-av_heading-c0e7e6d0d8aa8a61a4caf8917e4b01a8{\npadding-bottom:10px;\n}\nbody .av-special-heading.av-av_heading-c0e7e6d0d8aa8a61a4caf8917e4b01a8 .av-special-heading-tag .heading-char{\nfont-size:25px;\n}\n.av-special-heading.av-av_heading-c0e7e6d0d8aa8a61a4caf8917e4b01a8 .av-subheading{\nfont-size:15px;\n}\n<\/style>\n<div  class='av-special-heading av-av_heading-c0e7e6d0d8aa8a61a4caf8917e4b01a8 av-special-heading-h3  avia-builder-el-8  el_before_av_toggle_container  avia-builder-el-first '><h3 class='av-special-heading-tag '  itemprop=\"headline\"  >\u041f\u043e\u043b\u0435\u0437\u043d\u044b\u0435 \u0441\u0442\u0430\u0442\u044c\u0438<\/h3><div class=\"special-heading-border\"><div class=\"special-heading-inner-border\"><\/div><\/div><\/div><br \/>\n<div  class='togglecontainer av-jn49r9g2-b390f60673c71c9667aa7cb7b7c38afa  avia-builder-el-9  el_after_av_heading  avia-builder-el-last  toggle_close_all' >\n<section class='av_toggle_section av-1wpkp1-c5e69669cd3c1c2a19b40bf18d169205'  itemscope=\"itemscope\" itemtype=\"https:\/\/schema.org\/CreativeWork\" ><div role=\"tablist\" class=\"single_toggle\" data-tags=\"{\u0412\u0441\u0435} \"  ><p id='toggle-toggle-id-7' data-fake-id='#toggle-id-7' class='toggler  activeTitle av-title-above '  itemprop=\"headline\"  role='tab' tabindex='0' aria-controls='toggle-id-7' data-slide-speed=\"200\" data-title=\"2022\" data-title-open=\"\" data-aria_collapsed=\"Click to expand: 2022\" data-aria_expanded=\"Click to collapse: 2022\">2022<span class=\"toggle_icon\"><span class=\"vert_icon\"><\/span><span class=\"hor_icon\"><\/span><\/span><\/p><div id='toggle-id-7' aria-labelledby='toggle-toggle-id-7' role='region' class='toggle_wrap  active_tc av-title-above' style='display:block;' ><div class='toggle_content invers-color '  itemprop=\"text\" ><p class=\"title style-scope ytd-video-primary-info-renderer\"><a href=\"https:\/\/www.youtube.com\/watch?app=desktop&amp;v=FjmH3K0saM4\">\u0418\u043d\u0442\u0435\u0440\u0432\u044c\u044e \u0441 \u0432\u043b\u0430\u0434\u0435\u043b\u044c\u0446\u0435\u043c \u0448\u0432\u0435\u0439\u0446\u0430\u0440\u0441\u043a\u043e\u0439 \u043a\u043e\u043c\u043f\u0430\u043d\u0438\u0438<\/a><\/p>\n<\/div><\/div><\/div><\/section>\n<section class='av_toggle_section av-av_toggle-bcd25837d58aa106c5d94acbae728616'  itemscope=\"itemscope\" itemtype=\"https:\/\/schema.org\/CreativeWork\" ><div role=\"tablist\" class=\"single_toggle\" data-tags=\"{\u0412\u0441\u0435} \"  ><p id='toggle-toggle-id-8' data-fake-id='#toggle-id-8' class='toggler  av-title-above '  itemprop=\"headline\"  role='tab' tabindex='0' aria-controls='toggle-id-8' data-slide-speed=\"200\" data-title=\"2021\" data-title-open=\"\" data-aria_collapsed=\"Click to expand: 2021\" data-aria_expanded=\"Click to collapse: 2021\">2021<span class=\"toggle_icon\"><span class=\"vert_icon\"><\/span><span class=\"hor_icon\"><\/span><\/span><\/p><div id='toggle-id-8' aria-labelledby='toggle-toggle-id-8' role='region' class='toggle_wrap  av-title-above'  ><div class='toggle_content invers-color '  itemprop=\"text\" ><p class=\"title style-scope ytd-video-primary-info-renderer\"><a href=\"https:\/\/www.youtube.com\/watch?v=xOFQIQexW9I\">VAUD+ We Grow Innovation<\/a><\/p>\n<\/div><\/div><\/div><\/section>\n<section class='av_toggle_section av-2loa39-a33c4c211a8b6c9ee15fe4c80d34bb36'  itemscope=\"itemscope\" itemtype=\"https:\/\/schema.org\/CreativeWork\" ><div role=\"tablist\" class=\"single_toggle\" data-tags=\"{\u0412\u0441\u0435} \"  ><p id='toggle-toggle-id-9' data-fake-id='#toggle-id-9' class='toggler  av-title-above '  itemprop=\"headline\"  role='tab' tabindex='0' aria-controls='toggle-id-9' data-slide-speed=\"200\" data-title=\"2018\" data-title-open=\"\" data-aria_collapsed=\"Click to expand: 2018\" data-aria_expanded=\"Click to collapse: 2018\">2018<span class=\"toggle_icon\"><span class=\"vert_icon\"><\/span><span class=\"hor_icon\"><\/span><\/span><\/p><div id='toggle-id-9' aria-labelledby='toggle-toggle-id-9' role='region' class='toggle_wrap  av-title-above'  ><div class='toggle_content invers-color '  itemprop=\"text\" ><\/div><\/div><\/div><\/section>\n<\/div><\/p><\/div>\n","protected":false},"excerpt":{"rendered":"","protected":false},"author":1,"featured_media":0,"parent":0,"menu_order":0,"comment_status":"closed","ping_status":"closed","template":"","meta":{"footnotes":""},"class_list":["post-7109","page","type-page","status-publish","hentry"],"_links":{"self":[{"href":"https:\/\/www.drys.ch\/ru\/wp-json\/wp\/v2\/pages\/7109","targetHints":{"allow":["GET"]}}],"collection":[{"href":"https:\/\/www.drys.ch\/ru\/wp-json\/wp\/v2\/pages"}],"about":[{"href":"https:\/\/www.drys.ch\/ru\/wp-json\/wp\/v2\/types\/page"}],"author":[{"embeddable":true,"href":"https:\/\/www.drys.ch\/ru\/wp-json\/wp\/v2\/users\/1"}],"replies":[{"embeddable":true,"href":"https:\/\/www.drys.ch\/ru\/wp-json\/wp\/v2\/comments?post=7109"}],"version-history":[{"count":19,"href":"https:\/\/www.drys.ch\/ru\/wp-json\/wp\/v2\/pages\/7109\/revisions"}],"predecessor-version":[{"id":7520,"href":"https:\/\/www.drys.ch\/ru\/wp-json\/wp\/v2\/pages\/7109\/revisions\/7520"}],"wp:attachment":[{"href":"https:\/\/www.drys.ch\/ru\/wp-json\/wp\/v2\/media?parent=7109"}],"curies":[{"name":"wp","href":"https:\/\/api.w.org\/{rel}","templated":true}]}}