{"id":6482,"date":"2018-10-17T08:35:59","date_gmt":"2018-10-17T07:35:59","guid":{"rendered":"https:\/\/www.drys.ch\/mel\/?page_id=6482"},"modified":"2022-08-29T09:43:33","modified_gmt":"2022-08-29T07:43:33","slug":"ana-sayfa","status":"publish","type":"page","link":"https:\/\/www.drys.ch\/tr\/","title":{"rendered":"Ana Sayfa"},"content":{"rendered":"<div id='full_slider_1'  class='avia-fullwidth-slider main_color avia-shadow   avia-builder-el-0  el_before_av_section  avia-builder-el-first   container_wrap fullsize'  >\n<style type=\"text\/css\" data-created_by=\"avia_inline_auto\" id=\"style-css-av-330j5n-d4065c6d965af7f1e3778bc7ec5bffad\">\n#top #wrap_all .avia-slideshow .av-slideshow-caption.av-330j5n-d4065c6d965af7f1e3778bc7ec5bffad__0 .avia-caption-title{\nfont-size:36px;\n}\n#top .avia-slideshow .av-slideshow-caption.av-330j5n-d4065c6d965af7f1e3778bc7ec5bffad__0 .avia-caption-content{\nfont-size:24px;\n}\n#top .avia-slideshow .av-slideshow-caption.av-330j5n-d4065c6d965af7f1e3778bc7ec5bffad__0 .avia-caption-content p{\nfont-size:24px;\n}\n<\/style>\n<div  class='avia-slideshow av-330j5n-d4065c6d965af7f1e3778bc7ec5bffad avia-slideshow-featured_large av_slideshow_full avia-fade-slider av-slideshow-ui av-control-minimal av-slideshow-autoplay av-loop-endless av-loop-manual-endless av-default-height-applied   avia-slideshow-1' data-slideshow-options=\"{&quot;animation&quot;:&quot;fade&quot;,&quot;autoplay&quot;:true,&quot;loop_autoplay&quot;:&quot;endless&quot;,&quot;interval&quot;:6,&quot;loop_manual&quot;:&quot;manual-endless&quot;,&quot;autoplay_stopper&quot;:false,&quot;noNavigation&quot;:false,&quot;bg_slider&quot;:false,&quot;keep_padding&quot;:false,&quot;hoverpause&quot;:false,&quot;show_slide_delay&quot;:0}\"  itemprop=\"image\" itemscope=\"itemscope\" itemtype=\"https:\/\/schema.org\/ImageObject\" ><ul class='avia-slideshow-inner ' style='padding-bottom: 42%;'><li  class='avia-slideshow-slide av-330j5n-d4065c6d965af7f1e3778bc7ec5bffad__0  slide-1 slide-odd'><div data-rel='slideshow-1' class='avia-slide-wrap '   ><div class='av-slideshow-caption av-330j5n-d4065c6d965af7f1e3778bc7ec5bffad__0 caption_fullwidth caption_left caption_left_framed caption_framed'><div class=\"container caption_container\"><div class=\"slideshow_caption\"><div class=\"slideshow_inner_caption\"><div class=\"slideshow_align_caption\"><h2 class='avia-caption-title '  itemprop=\"name\" >DRYS Fiduciaire SA<\/h2><div class='avia-caption-content '  itemprop=\"description\" ><p>Orada sizin i\u00e7in<\/p>\n<\/div><\/div><\/div><\/div><\/div><\/div><img decoding=\"async\" fetchpriority=\"high\" class=\"wp-image-6803 avia-img-lazy-loading-not-6803\"  src=\"https:\/\/www.drys.ch\/wp\/wp-content\/uploads\/2018\/10\/services-drys-fiduciaire-1500x630.jpg\" width=\"1500\" height=\"630\" title='services-drys-fiduciaire' alt=''  itemprop=\"thumbnailUrl\"   \/><\/div><\/li><li  class='avia-slideshow-slide av-330j5n-d4065c6d965af7f1e3778bc7ec5bffad__1  slide-2 slide-even'><div data-rel='slideshow-1' class='avia-slide-wrap '   ><img decoding=\"async\" fetchpriority=\"high\" class=\"wp-image-6788 avia-img-lazy-loading-not-6788\"  src=\"https:\/\/www.drys.ch\/wp\/wp-content\/uploads\/2018\/10\/drys_fiduciaire-1500x630.jpg\" width=\"1500\" height=\"630\" title='drys_fiduciaire' alt=''  itemprop=\"thumbnailUrl\"   \/><\/div><\/li><\/ul><div class='avia-slideshow-arrows avia-slideshow-controls' ><a href='#prev' class='prev-slide  avia-svg-icon avia-font-svg_entypo-fontello' data-av_svg_icon='left-open-big' data-av_iconset='svg_entypo-fontello' tabindex='-1' title=\"\u00d6nceki\"><svg version=\"1.1\" xmlns=\"http:\/\/www.w3.org\/2000\/svg\" width=\"15\" height=\"32\" viewBox=\"0 0 15 32\" preserveAspectRatio=\"xMidYMid meet\" aria-labelledby='av-svg-title-1' aria-describedby='av-svg-desc-1' role=\"graphics-symbol\" aria-hidden=\"true\">\n<title id='av-svg-title-1'>\u00d6nceki<\/title>\n<desc id='av-svg-desc-1'>\u00d6nceki<\/desc>\n<path d=\"M14.464 27.84q0.832 0.832 0 1.536-0.832 0.832-1.536 0l-12.544-12.608q-0.768-0.768 0-1.6l12.544-12.608q0.704-0.832 1.536 0 0.832 0.704 0 1.536l-11.456 11.904z\"><\/path>\n<\/svg><span class='avia_hidden_link_text'>\u00d6nceki<\/span><\/a><a href='#next' class='next-slide  avia-svg-icon avia-font-svg_entypo-fontello' data-av_svg_icon='right-open-big' data-av_iconset='svg_entypo-fontello' tabindex='-1' title=\"Sonraki\"><svg version=\"1.1\" xmlns=\"http:\/\/www.w3.org\/2000\/svg\" width=\"15\" height=\"32\" viewBox=\"0 0 15 32\" preserveAspectRatio=\"xMidYMid meet\" aria-labelledby='av-svg-title-2' aria-describedby='av-svg-desc-2' role=\"graphics-symbol\" aria-hidden=\"true\">\n<title id='av-svg-title-2'>Sonraki<\/title>\n<desc id='av-svg-desc-2'>Sonraki<\/desc>\n<path d=\"M0.416 27.84l11.456-11.84-11.456-11.904q-0.832-0.832 0-1.536 0.832-0.832 1.536 0l12.544 12.608q0.768 0.832 0 1.6l-12.544 12.608q-0.704 0.832-1.536 0-0.832-0.704 0-1.536z\"><\/path>\n<\/svg><span class='avia_hidden_link_text'>Sonraki<\/span><\/a><\/div><div class='avia-slideshow-dots avia-slideshow-controls'><a href='#1' class='goto-slide active' >1<\/a><a href='#2' class='goto-slide ' >2<\/a><\/div><\/div><\/div>\n\n<style type=\"text\/css\" data-created_by=\"avia_inline_auto\" id=\"style-css-av-l7efw42z-b1f93d519323d31d59da8841dcae62a8\">\n.avia-section.av-l7efw42z-b1f93d519323d31d59da8841dcae62a8{\nbackground-color:#4eb591;\nbackground-image:unset;\nmargin-top:0px;\nmargin-bottom:20px;\n}\n<\/style>\n<div id='av_section_1'  class='avia-section av-l7efw42z-b1f93d519323d31d59da8841dcae62a8 main_color avia-section-no-padding avia-no-shadow  avia-builder-el-1  el_after_av_slideshow_full  el_before_av_section  avia-bg-style-scroll container_wrap fullsize'  ><div class='container av-section-cont-open' ><div class='template-page content  av-content-full alpha units'><div class='post-entry post-entry-type-page post-entry-6482'><div class='entry-content-wrapper clearfix'>\n\n<style type=\"text\/css\" data-created_by=\"avia_inline_auto\" id=\"style-css-av-l7efst89-7b9388d62eb7046bdbd50f9611eb8454\">\n.iconbox.av-l7efst89-7b9388d62eb7046bdbd50f9611eb8454 .iconbox_icon{\nbackground-color:#ffffff;\n}\n#top #wrap_all .iconbox.av-l7efst89-7b9388d62eb7046bdbd50f9611eb8454 .iconbox_content_title{\ncolor:#ffffff;\n}\n<\/style>\n<article  class='iconbox iconbox_top av-l7efst89-7b9388d62eb7046bdbd50f9611eb8454 av-no-box  avia-builder-el-2  el_before_av_hr  avia-builder-el-first '  itemscope=\"itemscope\" itemtype=\"https:\/\/schema.org\/CreativeWork\" ><div class=\"iconbox_content\"><header class=\"entry-content-header\" aria-label=\"Icon: Drys Fiduciaire SA ofislerini ta\u015f\u0131yor\"><div class='iconbox_icon heading-color avia-iconfont avia-font-entypo-fontello' data-av_icon='\ue81e' data-av_iconfont='entypo-fontello'  ><\/div><h3 class='iconbox_content_title '  itemprop=\"headline\" >Drys Fiduciaire SA ofislerini ta\u015f\u0131yor<\/h3><\/header><div class='iconbox_content_container '  itemprop=\"text\" ><h4 style=\"color: #ffffff;\">\u015eu anda Rue Haldimand 10 &#8211; 1003 Lozan adresinde 5. kattay\u0131z<\/h4>\n<\/div><\/div><footer class=\"entry-footer\"><\/footer><\/article>\n\n<style type=\"text\/css\" data-created_by=\"avia_inline_auto\" id=\"style-css-av-l7eg41gb-a667f8fb9f1d2f2dde077ca241f30e38\">\n#top .hr.hr-invisible.av-l7eg41gb-a667f8fb9f1d2f2dde077ca241f30e38{\nheight:20px;\n}\n<\/style>\n<div  class='hr av-l7eg41gb-a667f8fb9f1d2f2dde077ca241f30e38 hr-invisible  avia-builder-el-3  el_after_av_icon_box  avia-builder-el-last '><span class='hr-inner '><span class=\"hr-inner-style\"><\/span><\/span><\/div>\n<\/div><\/div><\/div><!-- close content main div --><\/div><\/div>\n<style type=\"text\/css\" data-created_by=\"avia_inline_auto\" id=\"style-css-av-2obhmr-7f8f6af43015a5b226da6438f3f75a8d\">\n.avia-section.av-2obhmr-7f8f6af43015a5b226da6438f3f75a8d{\nbackground-color:#f7f7f7;\nbackground-image:unset;\n}\n<\/style>\n<div id='av_section_2'  class='avia-section av-2obhmr-7f8f6af43015a5b226da6438f3f75a8d main_color avia-section-large avia-no-border-styling  avia-builder-el-4  el_after_av_section  avia-builder-el-last  avia-bg-style-scroll container_wrap fullsize'  ><div class='container av-section-cont-open' ><div class='template-page content  av-content-full alpha units'><div class='post-entry post-entry-type-page post-entry-6482'><div class='entry-content-wrapper clearfix'>\n<section  class='av_textblock_section av-jn2ww4t0-dc1806ec9e6e698e9d28fbe09b51c219 '   itemscope=\"itemscope\" itemtype=\"https:\/\/schema.org\/CreativeWork\" ><div class='avia_textblock'  itemprop=\"text\" ><p style=\"text-align: center;\"><strong>DRYS Fiduciaire<\/strong> bireylere ve \u015firketlere muhasebe, vergi ve i\u015fletme dan\u0131\u015fmanl\u0131\u011f\u0131 hizmeti sunmaktad\u0131r. Y\u00fcksek nitelikli hizmeti h\u0131zl\u0131 ve verimli bir \u015fekilde sa\u011flayarak, m\u00fc\u015fterilerimizle ayr\u0131cal\u0131kl\u0131 ortakl\u0131klar kurmay\u0131 hedefliyoruz.<\/p>\n<\/div><\/section>\n\n<style type=\"text\/css\" data-created_by=\"avia_inline_auto\" id=\"style-css-av-jn2wwmsa-fd4f783616df072b7be67d7921d53957\">\n#top .hr.av-jn2wwmsa-fd4f783616df072b7be67d7921d53957{\nmargin-top:0px;\nmargin-bottom:5px;\n}\n.hr.av-jn2wwmsa-fd4f783616df072b7be67d7921d53957 .hr-inner{\nwidth:50px;\nborder-color:#4eb591;\n}\n<\/style>\n<div  class='hr av-jn2wwmsa-fd4f783616df072b7be67d7921d53957 hr-custom  avia-builder-el-6  el_after_av_textblock  el_before_av_one_half  hr-center hr-icon-no'><span class='hr-inner inner-border-av-border-thin'><span class=\"hr-inner-style\"><\/span><\/span><\/div>\n<div class='flex_column_table av-2kk9kr-8825288f39ad38103639556b8e4ca41c sc-av_one_half av-equal-height-column-flextable'>\n<style type=\"text\/css\" data-created_by=\"avia_inline_auto\" id=\"style-css-av-2kk9kr-8825288f39ad38103639556b8e4ca41c\">\n.flex_column.av-2kk9kr-8825288f39ad38103639556b8e4ca41c{\nborder-radius:0px 0px 0px 0px;\npadding:0px 0px 0px 0px;\n}\n<\/style>\n<div  class='flex_column av-2kk9kr-8825288f39ad38103639556b8e4ca41c av_one_half  avia-builder-el-7  el_after_av_hr  el_before_av_one_half  first flex_column_table_cell av-equal-height-column av-align-middle av-animated-generic bottom-to-top av-zero-column-padding  '     ><p>\n<style type=\"text\/css\" data-created_by=\"avia_inline_auto\" id=\"style-css-av-2fbmoj-efc45695640bd1bd52aa153609070182\">\n.iconbox.av-2fbmoj-efc45695640bd1bd52aa153609070182 .iconbox_icon{\nbackground-color:#4eb591;\nborder:1px solid #d1d1d1;\ncolor:#f9f9f9;\n}\n.iconbox.av-2fbmoj-efc45695640bd1bd52aa153609070182 .iconbox_icon.avia-svg-icon svg:first-child{\nfill:#f9f9f9;\nstroke:#f9f9f9;\n}\n<\/style>\n<article  class='iconbox iconbox_left_content av-2fbmoj-efc45695640bd1bd52aa153609070182  avia-builder-el-8  el_before_av_icon_box  avia-builder-el-first '  itemscope=\"itemscope\" itemtype=\"https:\/\/schema.org\/CreativeWork\" ><div class='iconbox_icon heading-color avia-iconfont avia-font-entypo-fontello' data-av_icon='\ue8ad' data-av_iconfont='entypo-fontello'  ><\/div><div class=\"iconbox_content\"><header class=\"entry-content-header\" aria-label=\"Icon: Geli\u015fmi\u015f bir a\u011f\"><h3 class='iconbox_content_title '  itemprop=\"headline\" >Geli\u015fmi\u015f bir a\u011f<\/h3><\/header><div class='iconbox_content_container '  itemprop=\"text\" ><p>Ba\u011f\u0131ms\u0131z muhasebe ve dan\u0131\u015fmanl\u0131k \u015firketlerinin kurdu\u011fu uluslararas\u0131 bir birlik olan <strong>Leading Edge Alliance<\/strong>\u2019\u0131n bir \u00fcyesi olarak, uluslararas\u0131 bir bak\u0131\u015f a\u00e7\u0131s\u0131 gerektiren durumlara da \u00e7\u00f6z\u00fcm getirebiliyoruz.<br \/>\n\u0130svi\u00e7re Mutemetlik birli\u011fi <strong>Fiduciaire Suisse<\/strong>\u2019in \u00fcyesiyiz.<br \/>\nAyr\u0131ca \u0130svi\u00e7re\u2019nin Muhasebe Denetimi, Vergi ve Mutemetlik Uzman Birli\u011fi <strong>EXPERTsuisse<\/strong>\u2019in de \u00fcyesiyiz.<\/p>\n<\/div><\/div><footer class=\"entry-footer\"><\/footer><\/article><br \/>\n\n<style type=\"text\/css\" data-created_by=\"avia_inline_auto\" id=\"style-css-av-1pt0gr-aa1eec0a3292f7d468ed4838b1b86114\">\n.iconbox.av-1pt0gr-aa1eec0a3292f7d468ed4838b1b86114 .iconbox_icon{\nbackground-color:#4eb591;\nborder:1px solid #d1d1d1;\ncolor:#f9f9f9;\n}\n.iconbox.av-1pt0gr-aa1eec0a3292f7d468ed4838b1b86114 .iconbox_icon.avia-svg-icon svg:first-child{\nfill:#f9f9f9;\nstroke:#f9f9f9;\n}\n<\/style>\n<article  class='iconbox iconbox_left_content av-1pt0gr-aa1eec0a3292f7d468ed4838b1b86114  avia-builder-el-9  el_after_av_icon_box  avia-builder-el-last '  itemscope=\"itemscope\" itemtype=\"https:\/\/schema.org\/CreativeWork\" ><div class='iconbox_icon heading-color avia-iconfont avia-font-entypo-fontello' data-av_icon='\ue817' data-av_iconfont='entypo-fontello'  ><\/div><div class=\"iconbox_content\"><header class=\"entry-content-header\" aria-label=\"Icon: Swiss made\"><h3 class='iconbox_content_title '  itemprop=\"headline\" >Swiss made<\/h3><\/header><div class='iconbox_content_container '  itemprop=\"text\" ><p>Lozan\u2019da bulunan merkezimizden hem b\u00f6lgede hem de \u0130svi\u00e7re\u2019nin di\u011fer b\u00f6lgelerinde ikamet eden m\u00fc\u015fterilerimize hizmet sunmaktay\u0131z.<\/p>\n<\/div><\/div><footer class=\"entry-footer\"><\/footer><\/article><\/p><\/div><div class='av-flex-placeholder'><\/div>\n<style type=\"text\/css\" data-created_by=\"avia_inline_auto\" id=\"style-css-av-2629wr-b9cc76d9a04ecad5bb94718e76b14f49\">\n.flex_column.av-2629wr-b9cc76d9a04ecad5bb94718e76b14f49{\nborder-radius:0px 0px 0px 0px;\npadding:0px 0px 0px 0px;\n}\n<\/style>\n<div  class='flex_column av-2629wr-b9cc76d9a04ecad5bb94718e76b14f49 av_one_half  avia-builder-el-10  el_after_av_one_half  el_before_av_one_half  flex_column_table_cell av-equal-height-column av-align-middle av-animated-generic bottom-to-top av-zero-column-padding  '     ><style type=\"text\/css\" data-created_by=\"avia_inline_auto\" id=\"style-css-av-jnpqfg81-5300026d57fed9c040ec71ec41f51a64\">\n.avia-image-container.av-jnpqfg81-5300026d57fed9c040ec71ec41f51a64 img.avia_image{\nbox-shadow:none;\n}\n.avia-image-container.av-jnpqfg81-5300026d57fed9c040ec71ec41f51a64 .av-image-caption-overlay-center{\ncolor:#ffffff;\n}\n<\/style>\n<div  class='avia-image-container av-jnpqfg81-5300026d57fed9c040ec71ec41f51a64 av-styling- avia-align-center  avia-builder-el-11  avia-builder-el-no-sibling '   itemprop=\"image\" itemscope=\"itemscope\" itemtype=\"https:\/\/schema.org\/ImageObject\" ><div class=\"avia-image-container-inner\"><div class=\"avia-image-overlay-wrap\"><img decoding=\"async\" fetchpriority=\"high\" class='wp-image-6717 avia-img-lazy-loading-not-6717 avia_image ' src=\"https:\/\/www.drys.ch\/wp\/wp-content\/uploads\/2018\/10\/PEA-300x200.png\" alt='' title='PEA'  height=\"200\" width=\"300\"  itemprop=\"thumbnailUrl\" srcset=\"https:\/\/www.drys.ch\/wp\/wp-content\/uploads\/2018\/10\/PEA-300x200.png 300w, https:\/\/www.drys.ch\/wp\/wp-content\/uploads\/2018\/10\/PEA-450x300.png 450w, https:\/\/www.drys.ch\/wp\/wp-content\/uploads\/2018\/10\/PEA.png 675w\" sizes=\"(max-width: 300px) 100vw, 300px\" \/><\/div><\/div><\/div><\/div><\/div><!--close column table wrapper. Autoclose: 1 --><div class='flex_column_table av-733sr-b641595ab2dce881bdb964285f73d1db sc-av_one_half av-equal-height-column-flextable'>\n<style type=\"text\/css\" data-created_by=\"avia_inline_auto\" id=\"style-css-av-733sr-b641595ab2dce881bdb964285f73d1db\">\n.flex_column.av-733sr-b641595ab2dce881bdb964285f73d1db{\nborder-radius:0px 0px 0px 0px;\npadding:0px 0px 0px 0px;\n}\n<\/style>\n<div  class='flex_column av-733sr-b641595ab2dce881bdb964285f73d1db av_one_half  avia-builder-el-12  el_after_av_one_half  el_before_av_one_half  first flex_column_table_cell av-equal-height-column av-align-middle av-animated-generic bottom-to-top av-zero-column-padding  column-top-margin'     ><style type=\"text\/css\" data-created_by=\"avia_inline_auto\" id=\"style-css-av-jnpqfn8y-b73a8acbe1ba44eca8d2dcbf9f51f3bb\">\n.avia-image-container.av-jnpqfn8y-b73a8acbe1ba44eca8d2dcbf9f51f3bb img.avia_image{\nbox-shadow:none;\n}\n.avia-image-container.av-jnpqfn8y-b73a8acbe1ba44eca8d2dcbf9f51f3bb .av-image-caption-overlay-center{\ncolor:#ffffff;\n}\n<\/style>\n<div  class='avia-image-container av-jnpqfn8y-b73a8acbe1ba44eca8d2dcbf9f51f3bb av-styling- avia-align-center  avia-builder-el-13  avia-builder-el-no-sibling '   itemprop=\"image\" itemscope=\"itemscope\" itemtype=\"https:\/\/schema.org\/ImageObject\" ><div class=\"avia-image-container-inner\"><div class=\"avia-image-overlay-wrap\"><img decoding=\"async\" fetchpriority=\"high\" class='wp-image-6704 avia-img-lazy-loading-not-6704 avia_image ' src=\"https:\/\/www.drys.ch\/wp\/wp-content\/uploads\/2018\/10\/expert-suisse_logo-300x105.png\" alt='' title='expert-suisse_logo'  height=\"105\" width=\"300\"  itemprop=\"thumbnailUrl\" srcset=\"https:\/\/www.drys.ch\/wp\/wp-content\/uploads\/2018\/10\/expert-suisse_logo-300x105.png 300w, https:\/\/www.drys.ch\/wp\/wp-content\/uploads\/2018\/10\/expert-suisse_logo-768x268.png 768w, https:\/\/www.drys.ch\/wp\/wp-content\/uploads\/2018\/10\/expert-suisse_logo-1030x360.png 1030w, https:\/\/www.drys.ch\/wp\/wp-content\/uploads\/2018\/10\/expert-suisse_logo-705x246.png 705w, https:\/\/www.drys.ch\/wp\/wp-content\/uploads\/2018\/10\/expert-suisse_logo-1210x423.png 1210w, https:\/\/www.drys.ch\/wp\/wp-content\/uploads\/2018\/10\/expert-suisse_logo-450x157.png 450w, https:\/\/www.drys.ch\/wp\/wp-content\/uploads\/2018\/10\/expert-suisse_logo.png 1409w\" sizes=\"(max-width: 300px) 100vw, 300px\" \/><\/div><\/div><\/div><\/div><div class='av-flex-placeholder'><\/div>\n<style type=\"text\/css\" data-created_by=\"avia_inline_auto\" id=\"style-css-av-1ke2pv-29f06d6ce77f906125c07a27890f8285\">\n.flex_column.av-1ke2pv-29f06d6ce77f906125c07a27890f8285{\nborder-radius:0px 0px 0px 0px;\npadding:0px 0px 0px 0px;\n}\n<\/style>\n<div  class='flex_column av-1ke2pv-29f06d6ce77f906125c07a27890f8285 av_one_half  avia-builder-el-14  el_after_av_one_half  avia-builder-el-last  flex_column_table_cell av-equal-height-column av-align-middle av-animated-generic bottom-to-top av-zero-column-padding  column-top-margin'     ><p>\n<style type=\"text\/css\" data-created_by=\"avia_inline_auto\" id=\"style-css-av-258p3f-ab54d0cb7c8cbbb1bdfb6909ac5a59dd\">\n.iconbox.av-258p3f-ab54d0cb7c8cbbb1bdfb6909ac5a59dd .iconbox_icon{\nbackground-color:#4eb591;\nborder:1px solid #d1d1d1;\ncolor:#f9f9f9;\n}\n.iconbox.av-258p3f-ab54d0cb7c8cbbb1bdfb6909ac5a59dd .iconbox_icon.avia-svg-icon svg:first-child{\nfill:#f9f9f9;\nstroke:#f9f9f9;\n}\n<\/style>\n<article  class='iconbox iconbox_left_content av-258p3f-ab54d0cb7c8cbbb1bdfb6909ac5a59dd  avia-builder-el-15  el_before_av_icon_box  avia-builder-el-first '  itemscope=\"itemscope\" itemtype=\"https:\/\/schema.org\/CreativeWork\" ><div class='iconbox_icon heading-color avia-iconfont avia-font-entypo-fontello' data-av_icon='\ue80b' data-av_iconfont='entypo-fontello'  ><\/div><div class=\"iconbox_content\"><header class=\"entry-content-header\" aria-label=\"Icon: \u00c7e\u015fitli uzmanl\u0131k\"><h3 class='iconbox_content_title '  itemprop=\"headline\" >\u00c7e\u015fitli uzmanl\u0131k<\/h3><\/header><div class='iconbox_content_container '  itemprop=\"text\" ><p>Ekibimiz \u0130svi\u00e7re diplomal\u0131 muhasebecilerden ve yine \u0130svi\u00e7re yeminli finans ve muhasebe uzmanlar\u0131ndan olu\u015fmaktad\u0131r.<\/p>\n<p>M\u00fc\u015fterilerimizle Frans\u0131zca, \u0130ngilizce veya Almanca ileti\u015fim kurabiliyoruz.<\/p>\n<\/div><\/div><footer class=\"entry-footer\"><\/footer><\/article><br \/>\n\n<style type=\"text\/css\" data-created_by=\"avia_inline_auto\" id=\"style-css-av-1dll0r-3ace127c27ce1f1e1647faa58fc48b6d\">\n.iconbox.av-1dll0r-3ace127c27ce1f1e1647faa58fc48b6d .iconbox_icon{\nbackground-color:#4eb591;\nborder:1px solid #d1d1d1;\ncolor:#f9f9f9;\n}\n.iconbox.av-1dll0r-3ace127c27ce1f1e1647faa58fc48b6d .iconbox_icon.avia-svg-icon svg:first-child{\nfill:#f9f9f9;\nstroke:#f9f9f9;\n}\n<\/style>\n<article  class='iconbox iconbox_left_content av-1dll0r-3ace127c27ce1f1e1647faa58fc48b6d  avia-builder-el-16  el_after_av_icon_box  avia-builder-el-last '  itemscope=\"itemscope\" itemtype=\"https:\/\/schema.org\/CreativeWork\" ><div class='iconbox_icon heading-color avia-iconfont avia-font-entypo-fontello' data-av_icon='\ue82b' data-av_iconfont='entypo-fontello'  ><\/div><div class=\"iconbox_content\"><header class=\"entry-content-header\" aria-label=\"Icon: Her zaman g\u00fcncel\"><h3 class='iconbox_content_title '  itemprop=\"headline\" >Her zaman g\u00fcncel<\/h3><\/header><div class='iconbox_content_container '  itemprop=\"text\" ><p>Vergilendirme, denetim ve muhasebe alanlar\u0131ndaki son yasa de\u011fi\u015fikliklerini takip etmek \u00fczere gerekli uzmanl\u0131k e\u011fitimlerini almak konusunda azami \u00f6zeni g\u00f6steriyoruz.<\/p>\n<\/div><\/div><footer class=\"entry-footer\"><\/footer><\/article><\/p><\/div><\/div><!--close column table wrapper. Autoclose: 1 -->\n<\/p>\n","protected":false},"excerpt":{"rendered":"","protected":false},"author":1,"featured_media":0,"parent":0,"menu_order":0,"comment_status":"closed","ping_status":"closed","template":"","meta":{"footnotes":""},"class_list":["post-6482","page","type-page","status-publish","hentry"],"_links":{"self":[{"href":"https:\/\/www.drys.ch\/tr\/wp-json\/wp\/v2\/pages\/6482","targetHints":{"allow":["GET"]}}],"collection":[{"href":"https:\/\/www.drys.ch\/tr\/wp-json\/wp\/v2\/pages"}],"about":[{"href":"https:\/\/www.drys.ch\/tr\/wp-json\/wp\/v2\/types\/page"}],"author":[{"embeddable":true,"href":"https:\/\/www.drys.ch\/tr\/wp-json\/wp\/v2\/users\/1"}],"replies":[{"embeddable":true,"href":"https:\/\/www.drys.ch\/tr\/wp-json\/wp\/v2\/comments?post=6482"}],"version-history":[{"count":11,"href":"https:\/\/www.drys.ch\/tr\/wp-json\/wp\/v2\/pages\/6482\/revisions"}],"predecessor-version":[{"id":6485,"href":"https:\/\/www.drys.ch\/tr\/wp-json\/wp\/v2\/pages\/6482\/revisions\/6485"}],"wp:attachment":[{"href":"https:\/\/www.drys.ch\/tr\/wp-json\/wp\/v2\/media?parent=6482"}],"curies":[{"name":"wp","href":"https:\/\/api.w.org\/{rel}","templated":true}]}}