{"id":6607,"date":"2018-10-19T11:46:05","date_gmt":"2018-10-19T09:46:05","guid":{"rendered":"https:\/\/www.drys.ch\/mel\/?page_id=6607"},"modified":"2019-08-20T17:13:12","modified_gmt":"2019-08-20T15:13:12","slug":"baglantilar","status":"publish","type":"page","link":"https:\/\/www.drys.ch\/tr\/baglantilar\/","title":{"rendered":"Ba\u011flant\u0131lar"},"content":{"rendered":"\n<style type=\"text\/css\" data-created_by=\"avia_inline_auto\" id=\"style-css-av-ghcaaq-b70ba7bda21a92d6dcf13398177f2363\">\n.avia-section.av-ghcaaq-b70ba7bda21a92d6dcf13398177f2363 .av-parallax .av-parallax-inner{\nbackground-repeat:no-repeat;\nbackground-image:url(https:\/\/www.drys.ch\/wp\/wp-content\/uploads\/2018\/10\/liens-drys-fiduciaire.jpg);\nbackground-position:50% 50%;\nbackground-attachment:scroll;\n}\n<\/style>\n<div id='av_section_1'  class='avia-section av-ghcaaq-b70ba7bda21a92d6dcf13398177f2363 main_color avia-section-default avia-no-border-styling  avia-builder-el-0  el_before_av_section  avia-builder-el-first  av-parallax-section avia-bg-style-parallax av-minimum-height av-minimum-height-custom av-height-custom  container_wrap fullsize'  data-section-bg-repeat='no-repeat' data-av_minimum_height_px='400'><div class='av-parallax' data-avia-parallax-ratio='0.3' ><div class='av-parallax-inner main_color avia-full-stretch'><\/div><\/div><div class='container av-section-cont-open' style='height:400px'><main  role=\"main\" itemprop=\"mainContentOfPage\"  class='template-page content  av-content-full alpha units'><div class='post-entry post-entry-type-page post-entry-6607'><div class='entry-content-wrapper clearfix'>\n<\/div><\/div><\/main><!-- close content main element --><\/div><\/div>\n<style type=\"text\/css\" data-created_by=\"avia_inline_auto\" id=\"style-css-av-dtizwy-89148b5648b02751493c2fd7600ce9a8\">\n.avia-section.av-dtizwy-89148b5648b02751493c2fd7600ce9a8{\nbackground-color:#ffffff;\nbackground-image:unset;\n}\n<\/style>\n<div id='av_section_2'  class='avia-section av-dtizwy-89148b5648b02751493c2fd7600ce9a8 main_color avia-section-default avia-no-shadow  avia-builder-el-1  el_after_av_section  avia-builder-el-last  avia-bg-style-scroll container_wrap fullsize'  ><div class='container av-section-cont-open' ><div class='template-page content  av-content-full alpha units'><div class='post-entry post-entry-type-page post-entry-6607'><div class='entry-content-wrapper clearfix'>\n\n<style type=\"text\/css\" data-created_by=\"avia_inline_auto\" id=\"style-css-av-av_heading-e6e24b771b1e6f913d101f9dbcf3adff\">\n#top .av-special-heading.av-av_heading-e6e24b771b1e6f913d101f9dbcf3adff{\npadding-bottom:10px;\ncolor:#0a0a0a;\n}\nbody .av-special-heading.av-av_heading-e6e24b771b1e6f913d101f9dbcf3adff .av-special-heading-tag .heading-char{\nfont-size:25px;\n}\n.av-special-heading.av-av_heading-e6e24b771b1e6f913d101f9dbcf3adff .special-heading-inner-border{\nborder-color:#0a0a0a;\n}\n.av-special-heading.av-av_heading-e6e24b771b1e6f913d101f9dbcf3adff .av-subheading{\nfont-size:15px;\n}\n<\/style>\n<div  class='av-special-heading av-av_heading-e6e24b771b1e6f913d101f9dbcf3adff av-special-heading-h2 custom-color-heading  avia-builder-el-2  el_before_av_one_fourth  avia-builder-el-first '><h2 class='av-special-heading-tag '  itemprop=\"headline\"  >Faydal\u0131 Ba\u011flant\u0131lar<\/h2><div class=\"special-heading-border\"><div class=\"special-heading-inner-border\"><\/div><\/div><\/div>\n\n<style type=\"text\/css\" data-created_by=\"avia_inline_auto\" id=\"style-css-av-bd99rm-21c1ece3edd24cb44d299e39908f1339\">\n.flex_column.av-bd99rm-21c1ece3edd24cb44d299e39908f1339{\nborder-radius:0px 0px 0px 0px;\npadding:0px 0px 0px 0px;\n}\n<\/style>\n<div  class='flex_column av-bd99rm-21c1ece3edd24cb44d299e39908f1339 av_one_fourth  avia-builder-el-3  el_after_av_heading  el_before_av_one_fourth  first flex_column_div av-zero-column-padding  '     ><section  class='av_textblock_section av-9wgz9u-1dcf517396d9e11675cc2b38fca6d283 '   itemscope=\"itemscope\" itemtype=\"https:\/\/schema.org\/CreativeWork\" ><div class='avia_textblock'  itemprop=\"text\" ><p><strong>\u0130svi\u00e7re devlet daireleri<\/strong><\/p>\n<ul>\n<li><a href=\"https:\/\/www.efd.admin.ch\/efd\/en\/home.html\" target=\"_blank\" rel=\"noopener\">Federal Finans Bakanl\u0131\u011f\u0131<\/a><\/li>\n<li><a href=\"https:\/\/www.eda.admin.ch\/eda\/en\/home.html\" target=\"_blank\" rel=\"noopener\">Federal D\u0131\u015f \u0130li\u015fkiler Bakanl\u0131\u011f\u0131<\/a><\/li>\n<li><a href=\"https:\/\/www.vd.ch\/\" target=\"_blank\" rel=\"noopener\">Vaud Kantonu<\/a><\/li>\n<\/ul>\n<\/div><\/section><\/div>\n<style type=\"text\/css\" data-created_by=\"avia_inline_auto\" id=\"style-css-av-898s0i-76f892a234a74195458b9000d728b16d\">\n.flex_column.av-898s0i-76f892a234a74195458b9000d728b16d{\nborder-radius:0px 0px 0px 0px;\npadding:0px 0px 0px 0px;\n}\n<\/style>\n<div  class='flex_column av-898s0i-76f892a234a74195458b9000d728b16d av_one_fourth  avia-builder-el-5  el_after_av_one_fourth  el_before_av_one_fourth  flex_column_div av-zero-column-padding  '     ><section  class='av_textblock_section av-55nxj6-271bb3bbe307428d948b52a540ee1d71 '   itemscope=\"itemscope\" itemtype=\"https:\/\/schema.org\/CreativeWork\" ><div class='avia_textblock'  itemprop=\"text\" ><p><strong>\u0130svi\u00e7re vergi daireleri<\/strong><\/p>\n<ul>\n<li><a href=\"https:\/\/www.estv.admin.ch\/estv\/en\/home.html\" target=\"_blank\" rel=\"noopener\">Federal Vergi Dairesi<\/a><\/li>\n<li><a href=\"https:\/\/www.vd.ch\/?id=1000036\" target=\"_blank\" rel=\"noopener\">Vaud Kantonu vergi dairesi<\/a><\/li>\n<li><a href=\"https:\/\/www.ge.ch\/organisation\/direction-generale-administration-fiscale-cantonale\" target=\"_blank\" rel=\"noopener\">Cenevre Kantonu vergi daires<\/a>i<\/li>\n<li><a href=\"https:\/\/www.fr.ch\/scc\" target=\"_blank\" rel=\"noopener\">Fribourg Kantonu vergi dairesi<\/a><\/li>\n<li><a href=\"https:\/\/www.vs.ch\/web\/scc\" target=\"_blank\" rel=\"noopener\">Valais Kantonu vergi dairesi<\/a><\/li>\n<\/ul>\n<\/div><\/section><\/div>\n<style type=\"text\/css\" data-created_by=\"avia_inline_auto\" id=\"style-css-av-4emuo2-b502748b32961d381479c173feee955a\">\n.flex_column.av-4emuo2-b502748b32961d381479c173feee955a{\nborder-radius:0px 0px 0px 0px;\npadding:0px 0px 0px 0px;\n}\n<\/style>\n<div  class='flex_column av-4emuo2-b502748b32961d381479c173feee955a av_one_fourth  avia-builder-el-7  el_after_av_one_fourth  el_before_av_one_fourth  flex_column_div av-zero-column-padding  '     ><section  class='av_textblock_section av-2s6ihu-41d237efde892afefdbe471c9fd56852 '   itemscope=\"itemscope\" itemtype=\"https:\/\/schema.org\/CreativeWork\" ><div class='avia_textblock'  itemprop=\"text\" ><p><strong>Meslek kurulu\u015flar\u0131<\/strong><\/p>\n<ul>\n<li><a href=\"https:\/\/leaglobal.com\/\" target=\"_blank\" rel=\"noopener\">Leading Edge Alliance<\/a><\/li>\n<li><a href=\"https:\/\/www.treuhandsuisse.ch\/fr\/\" target=\"_blank\" rel=\"noopener\">Fiduciaire Suisse<\/a><\/li>\n<li><a href=\"https:\/\/www.expertsuisse.ch\/en-home\" target=\"_blank\" rel=\"noopener\">EXPERTsuisse\u00a0<\/a><\/li>\n<\/ul>\n<\/div><\/section><\/div>\n<style type=\"text\/css\" data-created_by=\"avia_inline_auto\" id=\"style-css-av-bd99rm-9d89bd5f49e370999d1188fbb22af7ca\">\n.flex_column.av-bd99rm-9d89bd5f49e370999d1188fbb22af7ca{\nborder-radius:0px 0px 0px 0px;\npadding:0px 0px 0px 0px;\n}\n<\/style>\n<div  class='flex_column av-bd99rm-9d89bd5f49e370999d1188fbb22af7ca av_one_fourth  avia-builder-el-9  el_after_av_one_fourth  avia-builder-el-last  flex_column_div av-zero-column-padding  '     ><section  class='av_textblock_section av-9wgz9u-1dcf517396d9e11675cc2b38fca6d283 '   itemscope=\"itemscope\" itemtype=\"https:\/\/schema.org\/CreativeWork\" ><div class='avia_textblock'  itemprop=\"text\" ><p><strong><em>Di\u011fer kurumlar<\/em><\/strong><\/p>\n<ul>\n<li><a href=\"https:\/\/www.dev.ch\/\" target=\"_blank\" rel=\"noopener\">Vaud Ekonomik Te\u015fvik Dairesi (DEV)<\/a><\/li>\n<li><a href=\"https:\/\/www.ggba-switzerland.ch\/en\/\" target=\"_blank\" rel=\"noopener\">Cenevre Bern B\u00f6lgesi<\/a><\/li>\n<li><a href=\"https:\/\/www.centrepatronal.ch\/index.php?page=fr\/organisation\/fpv\" target=\"_blank\" rel=\"noopener\">F\u00e9d\u00e9ration Patronale vaudoise<\/a><\/li>\n<li><a href=\"https:\/\/www.cvci.ch\/\" target=\"_blank\" rel=\"noopener\">Vaud Ticaret ve Sanayi Odas\u0131<\/a><\/li>\n<li><a href=\"https:\/\/www.cvi.ch\/\" target=\"_blank\" rel=\"noopener\">Chambre Vaudoise Immobili\u00e8re<\/a><\/li>\n<\/ul>\n<\/div><\/section><\/div>\n","protected":false},"excerpt":{"rendered":"","protected":false},"author":1,"featured_media":0,"parent":0,"menu_order":0,"comment_status":"closed","ping_status":"closed","template":"","meta":{"footnotes":""},"class_list":["post-6607","page","type-page","status-publish","hentry"],"_links":{"self":[{"href":"https:\/\/www.drys.ch\/tr\/wp-json\/wp\/v2\/pages\/6607","targetHints":{"allow":["GET"]}}],"collection":[{"href":"https:\/\/www.drys.ch\/tr\/wp-json\/wp\/v2\/pages"}],"about":[{"href":"https:\/\/www.drys.ch\/tr\/wp-json\/wp\/v2\/types\/page"}],"author":[{"embeddable":true,"href":"https:\/\/www.drys.ch\/tr\/wp-json\/wp\/v2\/users\/1"}],"replies":[{"embeddable":true,"href":"https:\/\/www.drys.ch\/tr\/wp-json\/wp\/v2\/comments?post=6607"}],"version-history":[{"count":6,"href":"https:\/\/www.drys.ch\/tr\/wp-json\/wp\/v2\/pages\/6607\/revisions"}],"predecessor-version":[{"id":7275,"href":"https:\/\/www.drys.ch\/tr\/wp-json\/wp\/v2\/pages\/6607\/revisions\/7275"}],"wp:attachment":[{"href":"https:\/\/www.drys.ch\/tr\/wp-json\/wp\/v2\/media?parent=6607"}],"curies":[{"name":"wp","href":"https:\/\/api.w.org\/{rel}","templated":true}]}}