{"id":6616,"date":"2018-10-19T11:52:12","date_gmt":"2018-10-19T09:52:12","guid":{"rendered":"https:\/\/www.drys.ch\/mel\/?page_id=6616"},"modified":"2018-11-17T19:14:49","modified_gmt":"2018-11-17T17:14:49","slug":"danismanlik","status":"publish","type":"page","link":"https:\/\/www.drys.ch\/tr\/hizmetleri\/danismanlik\/","title":{"rendered":"Dan\u0131\u015fmanl\u0131k"},"content":{"rendered":"\n<style type=\"text\/css\" data-created_by=\"avia_inline_auto\" id=\"style-css-av-9f1qoa-41130bd63a7d49a351f8b9d87e84bc5c\">\n.avia-section.av-9f1qoa-41130bd63a7d49a351f8b9d87e84bc5c .av-parallax .av-parallax-inner{\nbackground-repeat:no-repeat;\nbackground-image:url(https:\/\/www.drys.ch\/wp\/wp-content\/uploads\/2018\/10\/shutterstock_158522279-1030x686.jpg);\nbackground-position:50% 50%;\nbackground-attachment:scroll;\n}\n<\/style>\n<div id='av_section_1'  class='avia-section av-9f1qoa-41130bd63a7d49a351f8b9d87e84bc5c main_color avia-section-default avia-no-border-styling  avia-builder-el-0  el_before_av_section  avia-builder-el-first  av-parallax-section avia-bg-style-parallax av-minimum-height av-minimum-height-custom av-height-custom  container_wrap fullsize'  data-section-bg-repeat='no-repeat' data-av_minimum_height_px='400'><div class='av-parallax' data-avia-parallax-ratio='0.3' ><div class='av-parallax-inner main_color avia-full-stretch'><\/div><\/div><div class='container av-section-cont-open' style='height:400px'><main  role=\"main\" itemprop=\"mainContentOfPage\"  class='template-page content  av-content-full alpha units'><div class='post-entry post-entry-type-page post-entry-6616'><div class='entry-content-wrapper clearfix'>\n<\/div><\/div><\/main><!-- close content main element --><\/div><\/div><div id='av_section_2'  class='avia-section av-7a8tmy-d51a866fa86efc1853f43148df6e4ee6 main_color avia-section-default avia-no-shadow  avia-builder-el-1  el_after_av_section  avia-builder-el-last  avia-bg-style-scroll container_wrap fullsize'  ><div class='container av-section-cont-open' ><div class='template-page content  av-content-full alpha units'><div class='post-entry post-entry-type-page post-entry-6616'><div class='entry-content-wrapper clearfix'>\n\n<style type=\"text\/css\" data-created_by=\"avia_inline_auto\" id=\"style-css-av-6333zu-b788b6d12c3a420733c0f67e5c0b7ea6\">\n.flex_column.av-6333zu-b788b6d12c3a420733c0f67e5c0b7ea6{\nborder-radius:0px 0px 0px 0px;\npadding:0px 0px 0px 0px;\n}\n<\/style>\n<div  class='flex_column av-6333zu-b788b6d12c3a420733c0f67e5c0b7ea6 av_one_full  avia-builder-el-2  avia-builder-el-no-sibling  first flex_column_div av-zero-column-padding  '     ><p>\n<style type=\"text\/css\" data-created_by=\"avia_inline_auto\" id=\"style-css-av-jolppl9a-d04588540cc7dedf5215e2107c186447\">\n#top .av-special-heading.av-jolppl9a-d04588540cc7dedf5215e2107c186447{\npadding-bottom:10px;\n}\nbody .av-special-heading.av-jolppl9a-d04588540cc7dedf5215e2107c186447 .av-special-heading-tag .heading-char{\nfont-size:25px;\n}\n.av-special-heading.av-jolppl9a-d04588540cc7dedf5215e2107c186447 .av-subheading{\nfont-size:15px;\n}\n<\/style>\n<div  class='av-special-heading av-jolppl9a-d04588540cc7dedf5215e2107c186447 av-special-heading-h3  avia-builder-el-3  el_before_av_textblock  avia-builder-el-first '><h3 class='av-special-heading-tag '  itemprop=\"headline\"  >Drys Fiduciaire SA &#8211; Dan\u0131\u015fmanl\u0131k<\/h3><div class=\"special-heading-border\"><div class=\"special-heading-inner-border\"><\/div><\/div><\/div><br \/>\n<section  class='av_textblock_section av-2ngvnu-e207ee95a20d1f3d25a81438d5906052 '   itemscope=\"itemscope\" itemtype=\"https:\/\/schema.org\/CreativeWork\" ><div class='avia_textblock'  itemprop=\"text\" ><div class=\"entry-content clearfix\">\n<div class=\"entry-content clearfix\">\n<div class=\"entry-content clearfix\">\n<p>Drys Fiduciaire size m\u00fcmk\u00fcn oldu\u011funca muhasebe ve idari tavsiyeleri \u00a0geni\u015f bir spektrum i\u00e7inde sa\u011flamak istiyor<\/p>\n<\/div>\n<\/div>\n<\/div>\n<\/div><\/section><\/p><\/div>\n","protected":false},"excerpt":{"rendered":"","protected":false},"author":1,"featured_media":0,"parent":6610,"menu_order":0,"comment_status":"closed","ping_status":"closed","template":"","meta":{"footnotes":""},"class_list":["post-6616","page","type-page","status-publish","hentry"],"_links":{"self":[{"href":"https:\/\/www.drys.ch\/tr\/wp-json\/wp\/v2\/pages\/6616","targetHints":{"allow":["GET"]}}],"collection":[{"href":"https:\/\/www.drys.ch\/tr\/wp-json\/wp\/v2\/pages"}],"about":[{"href":"https:\/\/www.drys.ch\/tr\/wp-json\/wp\/v2\/types\/page"}],"author":[{"embeddable":true,"href":"https:\/\/www.drys.ch\/tr\/wp-json\/wp\/v2\/users\/1"}],"replies":[{"embeddable":true,"href":"https:\/\/www.drys.ch\/tr\/wp-json\/wp\/v2\/comments?post=6616"}],"version-history":[{"count":6,"href":"https:\/\/www.drys.ch\/tr\/wp-json\/wp\/v2\/pages\/6616\/revisions"}],"predecessor-version":[{"id":7070,"href":"https:\/\/www.drys.ch\/tr\/wp-json\/wp\/v2\/pages\/6616\/revisions\/7070"}],"up":[{"embeddable":true,"href":"https:\/\/www.drys.ch\/tr\/wp-json\/wp\/v2\/pages\/6610"}],"wp:attachment":[{"href":"https:\/\/www.drys.ch\/tr\/wp-json\/wp\/v2\/media?parent=6616"}],"curies":[{"name":"wp","href":"https:\/\/api.w.org\/{rel}","templated":true}]}}