{"id":6620,"date":"2018-10-19T11:53:42","date_gmt":"2018-10-19T09:53:42","guid":{"rendered":"https:\/\/www.drys.ch\/mel\/?page_id=6620"},"modified":"2018-11-17T18:33:32","modified_gmt":"2018-11-17T16:33:32","slug":"hukuki","status":"publish","type":"page","link":"https:\/\/www.drys.ch\/tr\/hizmetleri\/hukuki\/","title":{"rendered":"Hukuk"},"content":{"rendered":"\n<style type=\"text\/css\" data-created_by=\"avia_inline_auto\" id=\"style-css-av-jb8f9d-f40dae14f2c2cc7c32135c39f52ac59c\">\n.avia-section.av-jb8f9d-f40dae14f2c2cc7c32135c39f52ac59c{\nbackground-repeat:no-repeat;\nbackground-image:url(https:\/\/www.drys.ch\/wp\/wp-content\/uploads\/2018\/10\/droit-image.jpeg);\nbackground-position:0% 50%;\nbackground-attachment:scroll;\n}\n<\/style>\n<div id='av_section_1'  class='avia-section av-jb8f9d-f40dae14f2c2cc7c32135c39f52ac59c main_color avia-section-default avia-no-border-styling  avia-builder-el-0  el_before_av_section  avia-builder-el-first  avia-full-stretch avia-bg-style-scroll av-minimum-height av-minimum-height-custom av-height-custom  container_wrap fullsize'  data-section-bg-repeat='stretch' data-av_minimum_height_px='400'><div class='container av-section-cont-open' style='height:400px'><main  role=\"main\" itemprop=\"mainContentOfPage\"  class='template-page content  av-content-full alpha units'><div class='post-entry post-entry-type-page post-entry-6620'><div class='entry-content-wrapper clearfix'>\n<\/div><\/div><\/main><!-- close content main element --><\/div><\/div><div id='av_section_2'  class='avia-section av-1odp75-8f3b4ebd81f93c39871e3cdc11cfcbe1 main_color avia-section-default avia-no-shadow  avia-builder-el-1  el_after_av_section  avia-builder-el-last  avia-bg-style-scroll container_wrap fullsize'  ><div class='container av-section-cont-open' ><div class='template-page content  av-content-full alpha units'><div class='post-entry post-entry-type-page post-entry-6620'><div class='entry-content-wrapper clearfix'>\n\n<style type=\"text\/css\" data-created_by=\"avia_inline_auto\" id=\"style-css-av-bwndfl-a1c008d909d356b9180445545c80a4f4\">\n.flex_column.av-bwndfl-a1c008d909d356b9180445545c80a4f4{\nborder-radius:0px 0px 0px 0px;\npadding:0px 0px 0px 0px;\n}\n<\/style>\n<div  class='flex_column av-bwndfl-a1c008d909d356b9180445545c80a4f4 av_one_full  avia-builder-el-2  avia-builder-el-no-sibling  first flex_column_div av-zero-column-padding  '     ><p>\n<style type=\"text\/css\" data-created_by=\"avia_inline_auto\" id=\"style-css-av-jolo8i71-01b6ec77b35d68f4d1f31d212314e83f\">\n#top .av-special-heading.av-jolo8i71-01b6ec77b35d68f4d1f31d212314e83f{\npadding-bottom:10px;\n}\nbody .av-special-heading.av-jolo8i71-01b6ec77b35d68f4d1f31d212314e83f .av-special-heading-tag .heading-char{\nfont-size:25px;\n}\n.av-special-heading.av-jolo8i71-01b6ec77b35d68f4d1f31d212314e83f .av-subheading{\nfont-size:15px;\n}\n<\/style>\n<div  class='av-special-heading av-jolo8i71-01b6ec77b35d68f4d1f31d212314e83f av-special-heading-h3  avia-builder-el-3  el_before_av_textblock  avia-builder-el-first '><h3 class='av-special-heading-tag '  itemprop=\"headline\"  >Drys Fiduciaire SA &#8211; Isvi\u00e7re Hukuku<\/h3><div class=\"special-heading-border\"><div class=\"special-heading-inner-border\"><\/div><\/div><\/div><br \/>\n<section  class='av_textblock_section av-8sidn5-e89bea8f5348c8791d80254b0427b74c '   itemscope=\"itemscope\" itemtype=\"https:\/\/schema.org\/CreativeWork\" ><div class='avia_textblock'  itemprop=\"text\" ><div class=\"content-outer clearfix\">\n<div class=\"content-inner\">\n<div class=\"content-style full-width-transparent clearfix\">\n<div id=\"content\">\n<div id=\"post-11\" class=\"post-11 page type-page status-publish hentry\">\n<div class=\"entry-content clearfix\">\n<div class=\"entry-content clearfix\">\n<p style=\"font-weight: 400;\">Drys Fiduciaire yasal konularda ilk yakla\u015f\u0131m\u0131 sunuyor. Gerekirse sizi a\u011f\u0131m\u0131z\u0131n avukatlar\u0131 ve noterleri ile temasa ge\u00e7irebiliriz.<\/p>\n<\/div>\n<\/div>\n<\/div>\n<\/div>\n<\/div>\n<\/div>\n<\/div>\n<\/div><\/section><\/p><\/div>\n","protected":false},"excerpt":{"rendered":"","protected":false},"author":1,"featured_media":0,"parent":6610,"menu_order":0,"comment_status":"closed","ping_status":"closed","template":"","meta":{"footnotes":""},"class_list":["post-6620","page","type-page","status-publish","hentry"],"_links":{"self":[{"href":"https:\/\/www.drys.ch\/tr\/wp-json\/wp\/v2\/pages\/6620","targetHints":{"allow":["GET"]}}],"collection":[{"href":"https:\/\/www.drys.ch\/tr\/wp-json\/wp\/v2\/pages"}],"about":[{"href":"https:\/\/www.drys.ch\/tr\/wp-json\/wp\/v2\/types\/page"}],"author":[{"embeddable":true,"href":"https:\/\/www.drys.ch\/tr\/wp-json\/wp\/v2\/users\/1"}],"replies":[{"embeddable":true,"href":"https:\/\/www.drys.ch\/tr\/wp-json\/wp\/v2\/comments?post=6620"}],"version-history":[{"count":4,"href":"https:\/\/www.drys.ch\/tr\/wp-json\/wp\/v2\/pages\/6620\/revisions"}],"predecessor-version":[{"id":7065,"href":"https:\/\/www.drys.ch\/tr\/wp-json\/wp\/v2\/pages\/6620\/revisions\/7065"}],"up":[{"embeddable":true,"href":"https:\/\/www.drys.ch\/tr\/wp-json\/wp\/v2\/pages\/6610"}],"wp:attachment":[{"href":"https:\/\/www.drys.ch\/tr\/wp-json\/wp\/v2\/media?parent=6620"}],"curies":[{"name":"wp","href":"https:\/\/api.w.org\/{rel}","templated":true}]}}