{"id":6623,"date":"2018-10-19T11:55:12","date_gmt":"2018-10-19T09:55:12","guid":{"rendered":"https:\/\/www.drys.ch\/mel\/?page_id=6623"},"modified":"2018-11-17T18:40:48","modified_gmt":"2018-11-17T16:40:48","slug":"bilirkisi-raporlari","status":"publish","type":"page","link":"https:\/\/www.drys.ch\/tr\/hizmetleri\/bilirkisi-raporlari\/","title":{"rendered":"Uzmanl\u0131k"},"content":{"rendered":"\n<style type=\"text\/css\" data-created_by=\"avia_inline_auto\" id=\"style-css-av-jb8f9d-e31f5217682f0a14c356e328ff4a126d\">\n.avia-section.av-jb8f9d-e31f5217682f0a14c356e328ff4a126d{\nbackground-repeat:no-repeat;\nbackground-image:url(https:\/\/www.drys.ch\/wp\/wp-content\/uploads\/2018\/10\/expertise-image.jpeg);\nbackground-position:50% 50%;\nbackground-attachment:scroll;\n}\n<\/style>\n<div id='av_section_1'  class='avia-section av-jb8f9d-e31f5217682f0a14c356e328ff4a126d main_color avia-section-default avia-no-border-styling  avia-builder-el-0  el_before_av_section  avia-builder-el-first  avia-full-stretch avia-bg-style-scroll av-minimum-height av-minimum-height-custom av-height-custom  container_wrap fullsize'  data-section-bg-repeat='stretch' data-av_minimum_height_px='400'><div class='container av-section-cont-open' style='height:400px'><main  role=\"main\" itemprop=\"mainContentOfPage\"  class='template-page content  av-content-full alpha units'><div class='post-entry post-entry-type-page post-entry-6623'><div class='entry-content-wrapper clearfix'>\n<\/div><\/div><\/main><!-- close content main element --><\/div><\/div><div id='av_section_2'  class='avia-section av-1odp75-8f3b4ebd81f93c39871e3cdc11cfcbe1 main_color avia-section-default avia-no-shadow  avia-builder-el-1  el_after_av_section  avia-builder-el-last  avia-bg-style-scroll container_wrap fullsize'  ><div class='container av-section-cont-open' ><div class='template-page content  av-content-full alpha units'><div class='post-entry post-entry-type-page post-entry-6623'><div class='entry-content-wrapper clearfix'>\n\n<style type=\"text\/css\" data-created_by=\"avia_inline_auto\" id=\"style-css-av-86qrrl-ca565fc574e5d83342e13003d5bde2bd\">\n.flex_column.av-86qrrl-ca565fc574e5d83342e13003d5bde2bd{\nborder-radius:0px 0px 0px 0px;\npadding:0px 0px 0px 0px;\n}\n<\/style>\n<div  class='flex_column av-86qrrl-ca565fc574e5d83342e13003d5bde2bd av_one_full  avia-builder-el-2  avia-builder-el-no-sibling  first flex_column_div av-zero-column-padding  '     ><p>\n<style type=\"text\/css\" data-created_by=\"avia_inline_auto\" id=\"style-css-av-jolohv3z-d816a1f9800ae93384c8cc6e0a41b6e3\">\n#top .av-special-heading.av-jolohv3z-d816a1f9800ae93384c8cc6e0a41b6e3{\npadding-bottom:10px;\n}\nbody .av-special-heading.av-jolohv3z-d816a1f9800ae93384c8cc6e0a41b6e3 .av-special-heading-tag .heading-char{\nfont-size:25px;\n}\n.av-special-heading.av-jolohv3z-d816a1f9800ae93384c8cc6e0a41b6e3 .av-subheading{\nfont-size:15px;\n}\n<\/style>\n<div  class='av-special-heading av-jolohv3z-d816a1f9800ae93384c8cc6e0a41b6e3 av-special-heading-h3  avia-builder-el-3  el_before_av_textblock  avia-builder-el-first '><h3 class='av-special-heading-tag '  itemprop=\"headline\"  >Drys Fiduciaire SA &#8211; Uzmanl\u0131klar<\/h3><div class=\"special-heading-border\"><div class=\"special-heading-inner-border\"><\/div><\/div><\/div><br \/>\n<section  class='av_textblock_section av-ey40x-e2785260ea34b90f85ef25c882406d6e '   itemscope=\"itemscope\" itemtype=\"https:\/\/schema.org\/CreativeWork\" ><div class='avia_textblock'  itemprop=\"text\" ><div class=\"content-outer clearfix\">\n<div class=\"content-inner\">\n<div class=\"content-style full-width-transparent clearfix\">\n<div id=\"content\">\n<div id=\"post-13\" class=\"post-13 page type-page status-publish hentry\">\n<div class=\"entry-content clearfix\">\n<p style=\"font-weight: 400;\">DRYS Fiduciaire, adli uzman g\u00f6r\u00fc\u015flerinin haz\u0131rlanmas\u0131nda (mahkemeler taraf\u0131ndan, genellikle avukatlar\u0131n talebi \u00fczerine) ve ayr\u0131ca Taraflardan birinin avukatlar\u0131 taraf\u0131ndan talep edilen ekstra yarg\u0131da aktiftir.<\/p>\n<p style=\"font-weight: 400;\">\u0130kinci \u00e7\u00f6z\u00fcm bazen bir anla\u015fmazl\u0131\u011f\u0131n mahkeme d\u0131\u015f\u0131na \u00e7\u0131kmas\u0131na izin verebilir..<\/p>\n<\/div>\n<\/div>\n<\/div>\n<\/div>\n<\/div>\n<\/div>\n<\/div><\/section><\/p><\/div>\n","protected":false},"excerpt":{"rendered":"","protected":false},"author":1,"featured_media":0,"parent":6610,"menu_order":0,"comment_status":"closed","ping_status":"closed","template":"","meta":{"footnotes":""},"class_list":["post-6623","page","type-page","status-publish","hentry"],"_links":{"self":[{"href":"https:\/\/www.drys.ch\/tr\/wp-json\/wp\/v2\/pages\/6623","targetHints":{"allow":["GET"]}}],"collection":[{"href":"https:\/\/www.drys.ch\/tr\/wp-json\/wp\/v2\/pages"}],"about":[{"href":"https:\/\/www.drys.ch\/tr\/wp-json\/wp\/v2\/types\/page"}],"author":[{"embeddable":true,"href":"https:\/\/www.drys.ch\/tr\/wp-json\/wp\/v2\/users\/1"}],"replies":[{"embeddable":true,"href":"https:\/\/www.drys.ch\/tr\/wp-json\/wp\/v2\/comments?post=6623"}],"version-history":[{"count":5,"href":"https:\/\/www.drys.ch\/tr\/wp-json\/wp\/v2\/pages\/6623\/revisions"}],"predecessor-version":[{"id":7067,"href":"https:\/\/www.drys.ch\/tr\/wp-json\/wp\/v2\/pages\/6623\/revisions\/7067"}],"up":[{"embeddable":true,"href":"https:\/\/www.drys.ch\/tr\/wp-json\/wp\/v2\/pages\/6610"}],"wp:attachment":[{"href":"https:\/\/www.drys.ch\/tr\/wp-json\/wp\/v2\/media?parent=6623"}],"curies":[{"name":"wp","href":"https:\/\/api.w.org\/{rel}","templated":true}]}}