{"id":6626,"date":"2018-10-19T11:56:42","date_gmt":"2018-10-19T09:56:42","guid":{"rendered":"https:\/\/www.drys.ch\/mel\/?page_id=6626"},"modified":"2018-11-17T18:32:40","modified_gmt":"2018-11-17T16:32:40","slug":"vergi","status":"publish","type":"page","link":"https:\/\/www.drys.ch\/tr\/hizmetleri\/vergi\/","title":{"rendered":"Vergi"},"content":{"rendered":"\n<style type=\"text\/css\" data-created_by=\"avia_inline_auto\" id=\"style-css-av-3aj52-7e949766703e08c7ad911e3db1fceaf4\">\n.avia-section.av-3aj52-7e949766703e08c7ad911e3db1fceaf4 .av-parallax .av-parallax-inner{\nbackground-repeat:no-repeat;\nbackground-image:url(https:\/\/www.drys.ch\/wp\/wp-content\/uploads\/2018\/10\/fiscalite_drys_fiducaire.jpg);\nbackground-position:50% 50%;\nbackground-attachment:scroll;\n}\n<\/style>\n<div id='av_section_1'  class='avia-section av-3aj52-7e949766703e08c7ad911e3db1fceaf4 main_color avia-section-default avia-no-border-styling  avia-builder-el-0  el_before_av_section  avia-builder-el-first  av-parallax-section avia-bg-style-parallax av-minimum-height av-minimum-height-custom av-height-custom  container_wrap fullsize'  data-section-bg-repeat='no-repeat' data-av_minimum_height_px='300'><div class='av-parallax' data-avia-parallax-ratio='0.3' ><div class='av-parallax-inner main_color avia-full-stretch'><\/div><\/div><div class='container av-section-cont-open' style='height:300px'><main  role=\"main\" itemprop=\"mainContentOfPage\"  class='template-page content  av-content-full alpha units'><div class='post-entry post-entry-type-page post-entry-6626'><div class='entry-content-wrapper clearfix'>\n<\/div><\/div><\/main><!-- close content main element --><\/div><\/div><div id='av_section_2'  class='avia-section av-2s0ju-4340d1a2e5917e509c906ba30bdd8467 main_color avia-section-default avia-no-shadow  avia-builder-el-1  el_after_av_section  avia-builder-el-last  avia-bg-style-scroll container_wrap fullsize'  ><div class='container av-section-cont-open' ><div class='template-page content  av-content-full alpha units'><div class='post-entry post-entry-type-page post-entry-6626'><div class='entry-content-wrapper clearfix'>\n\n<style type=\"text\/css\" data-created_by=\"avia_inline_auto\" id=\"style-css-av-8h9a-588d499270811ace48aba03b4e89027f\">\n.flex_column.av-8h9a-588d499270811ace48aba03b4e89027f{\nborder-radius:0px 0px 0px 0px;\npadding:0px 0px 0px 0px;\n}\n<\/style>\n<div  class='flex_column av-8h9a-588d499270811ace48aba03b4e89027f av_one_full  avia-builder-el-2  avia-builder-el-no-sibling  first flex_column_div av-zero-column-padding  '     ><p>\n<style type=\"text\/css\" data-created_by=\"avia_inline_auto\" id=\"style-css-av-jolo4xw9-51ac31f8e081e4e81b5cde102c02acdd\">\n#top .av-special-heading.av-jolo4xw9-51ac31f8e081e4e81b5cde102c02acdd{\npadding-bottom:10px;\n}\nbody .av-special-heading.av-jolo4xw9-51ac31f8e081e4e81b5cde102c02acdd .av-special-heading-tag .heading-char{\nfont-size:25px;\n}\n.av-special-heading.av-jolo4xw9-51ac31f8e081e4e81b5cde102c02acdd .av-subheading{\nfont-size:15px;\n}\n<\/style>\n<div  class='av-special-heading av-jolo4xw9-51ac31f8e081e4e81b5cde102c02acdd av-special-heading-h3  avia-builder-el-3  el_before_av_textblock  avia-builder-el-first '><h3 class='av-special-heading-tag '  itemprop=\"headline\"  >Drys Fiduciaire SA &#8211; Vergi<\/h3><div class=\"special-heading-border\"><div class=\"special-heading-inner-border\"><\/div><\/div><\/div><br \/>\n<section  class='av_textblock_section av-3a56-e673318ac596e3e9ad3fb9b565969ae5 '   itemscope=\"itemscope\" itemtype=\"https:\/\/schema.org\/CreativeWork\" ><div class='avia_textblock'  itemprop=\"text\" ><div class=\"entry-content clearfix\">\n<div class=\"entry-content clearfix\">\n<p>Drys Fiduciaire, \u015firketlere ve bireylere \u0130svi\u00e7re ve uluslararas\u0131 vergilendirme hizmetleri ve\u00a0<a href=\"https:\/\/www.ey.com\/TR\/tr\/Services\/Advisory\" target=\"_blank\" rel=\"noopener\" data-saferedirecturl=\"https:\/\/www.google.com\/url?q=https:\/\/www.ey.com\/TR\/tr\/Services\/Advisory&amp;source=gmail&amp;ust=1542554165120000&amp;usg=AFQjCNFLFTGH5myZac3OdDhsnlsdymK7kA\">dan\u0131\u015fmanl\u0131k<\/a>\u00a0sunmaktad\u0131r.<\/p>\n<\/div>\n<\/div>\n<\/div><\/section><\/p><\/div>\n","protected":false},"excerpt":{"rendered":"","protected":false},"author":1,"featured_media":0,"parent":6610,"menu_order":0,"comment_status":"closed","ping_status":"closed","template":"","meta":{"footnotes":""},"class_list":["post-6626","page","type-page","status-publish","hentry"],"_links":{"self":[{"href":"https:\/\/www.drys.ch\/tr\/wp-json\/wp\/v2\/pages\/6626","targetHints":{"allow":["GET"]}}],"collection":[{"href":"https:\/\/www.drys.ch\/tr\/wp-json\/wp\/v2\/pages"}],"about":[{"href":"https:\/\/www.drys.ch\/tr\/wp-json\/wp\/v2\/types\/page"}],"author":[{"embeddable":true,"href":"https:\/\/www.drys.ch\/tr\/wp-json\/wp\/v2\/users\/1"}],"replies":[{"embeddable":true,"href":"https:\/\/www.drys.ch\/tr\/wp-json\/wp\/v2\/comments?post=6626"}],"version-history":[{"count":6,"href":"https:\/\/www.drys.ch\/tr\/wp-json\/wp\/v2\/pages\/6626\/revisions"}],"predecessor-version":[{"id":7064,"href":"https:\/\/www.drys.ch\/tr\/wp-json\/wp\/v2\/pages\/6626\/revisions\/7064"}],"up":[{"embeddable":true,"href":"https:\/\/www.drys.ch\/tr\/wp-json\/wp\/v2\/pages\/6610"}],"wp:attachment":[{"href":"https:\/\/www.drys.ch\/tr\/wp-json\/wp\/v2\/media?parent=6626"}],"curies":[{"name":"wp","href":"https:\/\/api.w.org\/{rel}","templated":true}]}}