{"id":7689,"date":"2023-08-02T08:43:51","date_gmt":"2023-08-02T06:43:51","guid":{"rendered":"https:\/\/www.drys.ch\/?page_id=7689"},"modified":"2023-08-02T08:43:51","modified_gmt":"2023-08-02T06:43:51","slug":"gizlilik-politikasi","status":"publish","type":"page","link":"https:\/\/www.drys.ch\/tr\/gizlilik-politikasi\/","title":{"rendered":"Gizlilik Politikas\u0131"},"content":{"rendered":"<div id='av_section_1'  class='avia-section av-6ihy8x-3412f36d811de40bd27126d3551d821a main_color avia-section-default avia-no-border-styling  avia-builder-el-0  avia-builder-el-no-sibling  avia-bg-style-scroll container_wrap fullsize'  ><div class='container av-section-cont-open' ><main  role=\"main\" itemprop=\"mainContentOfPage\"  class='template-page content  av-content-full alpha units'><div class='post-entry post-entry-type-page post-entry-7689'><div class='entry-content-wrapper clearfix'>\n\n<style type=\"text\/css\" data-created_by=\"avia_inline_auto\" id=\"style-css-av-3k5i69-db33e2f9f17ebfa77a5f7b65e9ba260e\">\n.flex_column.av-3k5i69-db33e2f9f17ebfa77a5f7b65e9ba260e{\nborder-radius:0px 0px 0px 0px;\npadding:0px 0px 0px 0px;\n}\n<\/style>\n<div  class='flex_column av-3k5i69-db33e2f9f17ebfa77a5f7b65e9ba260e av_one_full  avia-builder-el-1  avia-builder-el-no-sibling  first flex_column_div av-zero-column-padding  '     ><p>\n<style type=\"text\/css\" data-created_by=\"avia_inline_auto\" id=\"style-css-av-lk9q8q9b-ae8ef1d6a183f39ee843bf1cb1ecedb3\">\n#top .av-special-heading.av-lk9q8q9b-ae8ef1d6a183f39ee843bf1cb1ecedb3{\npadding-bottom:10px;\n}\nbody .av-special-heading.av-lk9q8q9b-ae8ef1d6a183f39ee843bf1cb1ecedb3 .av-special-heading-tag .heading-char{\nfont-size:25px;\n}\n.av-special-heading.av-lk9q8q9b-ae8ef1d6a183f39ee843bf1cb1ecedb3 .av-subheading{\nfont-size:15px;\n}\n<\/style>\n<div  class='av-special-heading av-lk9q8q9b-ae8ef1d6a183f39ee843bf1cb1ecedb3 av-special-heading-h1 blockquote modern-quote  avia-builder-el-2  el_before_av_textblock  avia-builder-el-first '><h1 class='av-special-heading-tag '  itemprop=\"headline\"  >Gizlilik Politikas\u0131<\/h1><div class=\"special-heading-border\"><div class=\"special-heading-inner-border\"><\/div><\/div><\/div><br \/>\n<section  class='av_textblock_section av-lk9pg3jr-ac11aa9a4d3a822a82fcbe9fcdd48711 '   itemscope=\"itemscope\" itemtype=\"https:\/\/schema.org\/CreativeWork\" ><div class='avia_textblock'  itemprop=\"text\" ><p>Kullan\u0131c\u0131lar\u0131m\u0131z\u0131n gizlili\u011fine b\u00fcy\u00fck \u00f6nem veriyoruz, <a href=\"http:\/\/www.drys.ch\" target=\"_new\" rel=\"noopener\">www.drys.ch<\/a>. Bu gizlilik politikas\u0131, sitemizi ziyaret etti\u011finizde hangi ki\u015fisel bilgilerin topland\u0131\u011f\u0131n\u0131, bu bilgilerin nas\u0131l kullan\u0131ld\u0131\u011f\u0131n\u0131 ve nas\u0131l korundu\u011funu a\u00e7\u0131klar. L\u00fctfen bu gizlilik politikas\u0131n\u0131 dikkatlice okuyun.<\/p>\n<h3>Ki\u015fisel Bilgilerin Toplanmas\u0131<\/h3>\n<p>Sitemizde a\u015fa\u011f\u0131daki t\u00fcrde ki\u015fisel bilgileri topluyoruz:<\/p>\n<ul>\n<li>Kimlik: Ad, Soyad<\/li>\n<li>\u0130leti\u015fim bilgileri: Adres, E-posta, Telefon, \u015eehir, Posta Kodu<\/li>\n<\/ul>\n<p>Ayr\u0131ca, a\u015fa\u011f\u0131daki izleme ara\u00e7lar\u0131n\u0131 kullanarak otomatik olarak ki\u015fisel olmayan bilgiler de topluyoruz:<\/p>\n<ul>\n<li>Matomo: Sitemizin kullan\u0131m\u0131 hakk\u0131nda istatistiksel bilgi toplamak i\u00e7in Matomo (\u00f6nceki ad\u0131yla Piwik) kullan\u0131yoruz. Bu, sitemizin performans\u0131n\u0131 de\u011ferlendirmemize ve i\u00e7eri\u011fini geli\u015ftirmemize yard\u0131mc\u0131 olur.<\/li>\n<\/ul>\n<h3><strong>Bilgi Toplama Y\u00f6ntemi<\/strong><\/h3>\n<p>Ki\u015fisel bilgiler, sitemizdeki bir ileti\u015fim formu arac\u0131l\u0131\u011f\u0131yla toplan\u0131r. Ayr\u0131ca, ziyaret\u00e7ilerimizin sitemizi nas\u0131l kulland\u0131\u011f\u0131na dair veri toplamak i\u00e7in web analiz servisi Matomo&#8217;yu da kullan\u0131yoruz.<\/p>\n<h3><strong>Bilgi Kullan\u0131m\u0131<\/strong><\/h3>\n<p>\u0130leti\u015fim formumuz arac\u0131l\u0131\u011f\u0131yla sa\u011flad\u0131\u011f\u0131n\u0131z ki\u015fisel bilgileri, sorular\u0131n\u0131za yan\u0131t vermek, yaz\u0131\u015fmalar\u0131n bir par\u00e7as\u0131 olarak sizinle ileti\u015fime ge\u00e7mek, e\u011fer onay verdiyseniz size pazarlama bilgileri g\u00f6ndermek ve sorular\u0131n\u0131za cevap vermek i\u00e7in kullan\u0131yoruz.<\/p>\n<p>Matomo arac\u0131l\u0131\u011f\u0131yla otomatik olarak toplanan ki\u015fisel olmayan bilgiler, sitemizi de\u011ferlendirmek ve geli\u015ftirmek i\u00e7in istatistiksel ve analitik ama\u00e7larla kullan\u0131l\u0131r.<\/p>\n<h3><strong>Bilgi Saklama<\/strong><\/h3>\n<p>Toplanan bilgiler, \u0130svi\u00e7re&#8217;deki g\u00fcvenli sunucular\u0131m\u0131zda saklan\u0131r. Verilerinizin g\u00fcvenli\u011fi ve gizlili\u011fini sa\u011flamak i\u00e7in ileri d\u00fczey \u015fifreleme teknikleri kullan\u0131yoruz.<\/p>\n<h3><strong>\u00dc\u00e7\u00fcnc\u00fc Taraf Sitelere Ba\u011flant\u0131lar<\/strong><\/h3>\n<p>Sitemiz, taraf\u0131m\u0131zdan i\u015fletilmeyen di\u011fer web sitelerine ba\u011flant\u0131lar i\u00e7erebilir. Bir \u00fc\u00e7\u00fcnc\u00fc taraf sitesine ba\u011flant\u0131ya t\u0131klarsan\u0131z, ilgili \u00fc\u00e7\u00fcnc\u00fc taraf\u0131n sitesine y\u00f6nlendirileceksiniz. Ziyaret etti\u011finiz her site i\u00e7in gizlilik politikas\u0131n\u0131 incelemenizi \u015fiddetle tavsiye ederiz.<\/p>\n<h3><strong>Veri G\u00fcvenli\u011fi<\/strong><\/h3>\n<p>Verilerinizin g\u00fcvenli\u011fine \u00e7ok \u00f6nem veriyoruz. Kontrol\u00fcm\u00fcz alt\u0131ndaki verilerin kayb\u0131na, k\u00f6t\u00fcye kullan\u0131m\u0131na ve de\u011fi\u015ftirilmesine kar\u015f\u0131 uygun g\u00fcvenlik \u00f6nlemleri kullan\u0131yoruz.<\/p>\n<h3><strong>Bilgilerinizin Kontrol\u00fc<\/strong><\/h3>\n<p>Ki\u015fisel bilgilerinize her zaman eri\u015fme, d\u00fczeltme veya silme talebinde bulunma hakk\u0131n\u0131z vard\u0131r. Bu hakk\u0131n\u0131z\u0131 telefon, e-posta veya ileti\u015fim formumuz arac\u0131l\u0131\u011f\u0131yla bize ula\u015farak kullanabilirsiniz.<\/p>\n<h3><strong>Veri \u0130hlallerini \u00d6nleme ve Y\u00f6netme<\/strong><\/h3>\n<p>Veri ihlallerini \u00f6nlemek i\u00e7in en iyi uygulamalar\u0131 ve prosed\u00fcrleri hayata ge\u00e7irmeye kararl\u0131y\u0131z. B\u00f6yle bir ihlal meydana gelirse, sorunu \u00e7\u00f6zmek, etkileri en aza indirmek ve ge\u00e7erli y\u00f6netmeliklere uygun olarak size durumu bildirmek i\u00e7in h\u0131zla hareket etmeyi taahh\u00fct ediyoruz.<\/p>\n<h3><strong>Bilgilerin Payla\u015f\u0131m\u0131<\/strong><\/h3>\n<p>Ki\u015fisel bilgilerinizi, a\u015fa\u011f\u0131daki durumlar d\u0131\u015f\u0131nda \u00fc\u00e7\u00fcnc\u00fc taraflarla payla\u015fm\u0131yoruz:<\/p>\n<ul>\n<li>Kanuni Y\u00fck\u00fcml\u00fcl\u00fckler: Yasalar gerektiriyorsa veya yasal haklar\u0131m\u0131z\u0131 korumak i\u00e7in gerekliyse ki\u015fisel bilgilerinizi a\u00e7\u0131klamam\u0131z gerekebilir.<\/li>\n<\/ul>\n<h3><strong>\u00c7erezler (Cookies)<\/strong><\/h3>\n<p>Web sitemizde kullan\u0131c\u0131 deneyimini geli\u015ftirmek i\u00e7in \u00e7erezler (cookies) kullan\u0131yoruz.<\/p>\n<p>Matomo \u00c7erezleri: Bu \u00e7erezler, web sitemizin kullan\u0131m\u0131 hakk\u0131nda istatistiksel bilgi toplamak i\u00e7in kullan\u0131l\u0131r. Toplanan veriler anonimdir ve kullan\u0131m e\u011filimlerini anlamam\u0131za yard\u0131mc\u0131 olur.<\/p>\n<p>Web sitemizi kullanarak, \u00e7erez politikam\u0131z \u00e7er\u00e7evesinde \u00e7erez kullan\u0131m\u0131na onay vermi\u015f olursunuz.<\/p>\n<h3>\u00dc\u00e7\u00fcnc\u00fc Taraf Hizmetleri<\/h3>\n<p>Web<\/p>\n<p>sitemizde, i\u015flevselli\u011fini ve g\u00f6r\u00fcn\u00fcm\u00fcn\u00fc art\u0131rmak i\u00e7in belirli \u00fc\u00e7\u00fcnc\u00fc taraf hizmetlerini kullan\u0131yoruz. Bu hizmetler ek ki\u015fisel bilgiler toplayabilir. Kulland\u0131\u011f\u0131m\u0131z \u00fc\u00e7\u00fcnc\u00fc taraf hizmetleri \u015funlard\u0131r:<\/p>\n<p>Google Fonts: Web sitemizin g\u00f6r\u00fcn\u00fcm\u00fcn\u00fc iyile\u015ftirmek i\u00e7in Google Fonts taraf\u0131ndan sa\u011flanan font stillerini kullan\u0131yoruz.<\/p>\n<p>L\u00fctfen bu \u00fc\u00e7\u00fcnc\u00fc taraf hizmetlerinin gizlilik politikalar\u0131na ili\u015fkin ilgili bilgilere ula\u015fmak i\u00e7in ilgili web sitelerini ziyaret edin.<\/p>\n<h3><strong>Bu Gizlilik Politikas\u0131nda Yap\u0131lan De\u011fi\u015fiklikler<\/strong><\/h3>\n<p>Bu gizlilik politikas\u0131n\u0131 istedi\u011fimiz zaman de\u011fi\u015ftirme hakk\u0131n\u0131 sakl\u0131 tutuyoruz. De\u011fi\u015fiklikler web sitemizde yay\u0131nlanacak ve de\u011fi\u015fiklikleri takip etmek i\u00e7in bu sayfay\u0131 d\u00fczenli olarak kontrol etmenizi \u00f6neriyoruz.<\/p>\n<p><em>Son G\u00fcncelleme: 17.07.2023<\/em><\/p>\n<p>Bu gizlilik politikas\u0131 ile ilgili herhangi bir sorunuz i\u00e7in l\u00fctfen a\u015fa\u011f\u0131daki ileti\u015fim bilgilerinden bizimle ileti\u015fime ge\u00e7in:<\/p>\n<div><strong>DRYS Fiduciaire SA<\/strong><br \/>\nRue Haldimand 10<br \/>\n1003 Lausanne<br \/>\n\u0130svi\u00e7re<\/div>\n<div><\/div>\n<div><\/div>\n<div><\/div>\n<div><a href=\"tel:+41 21 343 44 70\">+41 21 343 44 70<\/a><br \/>\n<a href=\"mailto:info@drys.ch\">info@drys.ch<\/a><\/div>\n<\/div><\/section><\/p><\/div>\n","protected":false},"excerpt":{"rendered":"","protected":false},"author":1,"featured_media":0,"parent":0,"menu_order":0,"comment_status":"closed","ping_status":"closed","template":"","meta":{"footnotes":""},"class_list":["post-7689","page","type-page","status-publish","hentry"],"_links":{"self":[{"href":"https:\/\/www.drys.ch\/tr\/wp-json\/wp\/v2\/pages\/7689","targetHints":{"allow":["GET"]}}],"collection":[{"href":"https:\/\/www.drys.ch\/tr\/wp-json\/wp\/v2\/pages"}],"about":[{"href":"https:\/\/www.drys.ch\/tr\/wp-json\/wp\/v2\/types\/page"}],"author":[{"embeddable":true,"href":"https:\/\/www.drys.ch\/tr\/wp-json\/wp\/v2\/users\/1"}],"replies":[{"embeddable":true,"href":"https:\/\/www.drys.ch\/tr\/wp-json\/wp\/v2\/comments?post=7689"}],"version-history":[{"count":4,"href":"https:\/\/www.drys.ch\/tr\/wp-json\/wp\/v2\/pages\/7689\/revisions"}],"predecessor-version":[{"id":7709,"href":"https:\/\/www.drys.ch\/tr\/wp-json\/wp\/v2\/pages\/7689\/revisions\/7709"}],"wp:attachment":[{"href":"https:\/\/www.drys.ch\/tr\/wp-json\/wp\/v2\/media?parent=7689"}],"curies":[{"name":"wp","href":"https:\/\/api.w.org\/{rel}","templated":true}]}}